{"id":959,"date":"2024-04-15T08:36:16","date_gmt":"2024-04-15T08:36:16","guid":{"rendered":"https:\/\/rubecorubber.com\/toiture\/"},"modified":"2025-02-27T16:23:50","modified_gmt":"2025-02-27T16:23:50","slug":"toiture","status":"publish","type":"page","link":"https:\/\/rubecorubber.com\/fr\/applications\/toiture\/","title":{"rendered":"Toiture"},"content":{"rendered":"\t\t<div data-elementor-type=\"wp-page\" data-elementor-id=\"959\" class=\"elementor elementor-959 elementor-2\">\n\t\t\t\t<div class=\"elementor-element elementor-element-645746f e-flex e-con-boxed e-con e-parent\" data-id=\"645746f\" data-element_type=\"container\" data-e-type=\"container\" data-settings=\"{&quot;background_background&quot;:&quot;classic&quot;}\">\n\t\t\t\t\t<div class=\"e-con-inner\">\n\t\t<div class=\"elementor-element elementor-element-9402e34 e-con-full e-flex e-con e-child\" data-id=\"9402e34\" data-element_type=\"container\" data-e-type=\"container\">\n\t\t\t\t<div class=\"elementor-element elementor-element-5fa0515 elementor-invisible elementor-widget elementor-widget-heading\" data-id=\"5fa0515\" data-element_type=\"widget\" data-e-type=\"widget\" data-settings=\"{&quot;_animation&quot;:&quot;fadeIn&quot;}\" data-widget_type=\"heading.default\">\n\t\t\t\t<div class=\"elementor-widget-container\">\n\t\t\t\t\t<h1 class=\"elementor-heading-title elementor-size-default\">Toiture<\/h1>\t\t\t\t<\/div>\n\t\t\t\t<\/div>\n\t\t\t\t<\/div>\n\t\t\t\t\t<\/div>\n\t\t\t\t<\/div>\n\t\t<div class=\"elementor-element elementor-element-2aa70aa e-flex e-con-boxed e-con e-parent\" data-id=\"2aa70aa\" data-element_type=\"container\" data-e-type=\"container\">\n\t\t\t\t\t<div class=\"e-con-inner\">\n\t\t<div class=\"elementor-element elementor-element-8e66d79 e-con-full e-flex e-con e-child\" data-id=\"8e66d79\" data-element_type=\"container\" data-e-type=\"container\">\n\t\t\t\t<div class=\"elementor-element elementor-element-3825804 elementor-widget-tablet__width-initial elementor-widget-mobile__width-inherit elementor-widget__width-initial elementor-position-top elementor-widget elementor-widget-image-box\" data-id=\"3825804\" data-element_type=\"widget\" data-e-type=\"widget\" data-widget_type=\"image-box.default\">\n\t\t\t\t<div class=\"elementor-widget-container\">\n\t\t\t\t\t<div class=\"elementor-image-box-wrapper\"><figure class=\"elementor-image-box-img\"><img fetchpriority=\"high\" decoding=\"async\" width=\"1800\" height=\"1200\" src=\"https:\/\/rubecorubber.com\/wp-content\/uploads\/2024\/10\/Plat-dak-1800-x-x1200.jpg\" class=\"elementor-animation-grow attachment-full size-full wp-image-391\" alt=\"\" srcset=\"https:\/\/rubecorubber.com\/wp-content\/uploads\/2024\/10\/Plat-dak-1800-x-x1200.jpg 1800w, https:\/\/rubecorubber.com\/wp-content\/uploads\/2024\/10\/Plat-dak-1800-x-x1200-300x200.jpg 300w, https:\/\/rubecorubber.com\/wp-content\/uploads\/2024\/10\/Plat-dak-1800-x-x1200-1024x683.jpg 1024w, https:\/\/rubecorubber.com\/wp-content\/uploads\/2024\/10\/Plat-dak-1800-x-x1200-768x512.jpg 768w, https:\/\/rubecorubber.com\/wp-content\/uploads\/2024\/10\/Plat-dak-1800-x-x1200-1536x1024.jpg 1536w\" sizes=\"(max-width: 1800px) 100vw, 1800px\" \/><\/figure><div class=\"elementor-image-box-content\"><h4 class=\"elementor-image-box-title\">Toits plats<\/h4><p class=\"elementor-image-box-description\">Le caoutchouc liquide est le choix id\u00e9al pour les toits plats gr\u00e2ce \u00e0 ses propri\u00e9t\u00e9s durables, s\u00fbres et respectueuses de l'environnement, parfaites pour les maisons neuves et existantes. Il permet une installation rapide sans risque d'incendie et minimise les d\u00e9chets, ce qui en fait une meilleure alternative aux mat\u00e9riaux de couverture traditionnels tels que les toitures, le bitume ou l'EPDM. <\/p><\/div><\/div>\t\t\t\t<\/div>\n\t\t\t\t<\/div>\n\t\t\t\t<div class=\"elementor-element elementor-element-8a99d87 elementor-widget-tablet__width-initial elementor-widget-mobile__width-inherit elementor-widget__width-initial elementor-position-top elementor-widget elementor-widget-image-box\" data-id=\"8a99d87\" data-element_type=\"widget\" data-e-type=\"widget\" data-widget_type=\"image-box.default\">\n\t\t\t\t<div class=\"elementor-widget-container\">\n\t\t\t\t\t<div class=\"elementor-image-box-wrapper\"><figure class=\"elementor-image-box-img\"><img decoding=\"async\" width=\"1800\" height=\"1200\" src=\"https:\/\/rubecorubber.com\/wp-content\/uploads\/2024\/09\/Dakvenster-shutterstock_2490325671-v1.4-e1738856133399.png\" class=\"elementor-animation-grow attachment-full size-full wp-image-159\" alt=\"Velux dakraam\" srcset=\"https:\/\/rubecorubber.com\/wp-content\/uploads\/2024\/09\/Dakvenster-shutterstock_2490325671-v1.4-e1738856133399.png 1800w, https:\/\/rubecorubber.com\/wp-content\/uploads\/2024\/09\/Dakvenster-shutterstock_2490325671-v1.4-e1738856133399-300x200.png 300w, https:\/\/rubecorubber.com\/wp-content\/uploads\/2024\/09\/Dakvenster-shutterstock_2490325671-v1.4-e1738856133399-1024x683.png 1024w, https:\/\/rubecorubber.com\/wp-content\/uploads\/2024\/09\/Dakvenster-shutterstock_2490325671-v1.4-e1738856133399-768x512.png 768w, https:\/\/rubecorubber.com\/wp-content\/uploads\/2024\/09\/Dakvenster-shutterstock_2490325671-v1.4-e1738856133399-1536x1024.png 1536w\" sizes=\"(max-width: 1800px) 100vw, 1800px\" \/><\/figure><div class=\"elementor-image-box-content\"><h4 class=\"elementor-image-box-title\">Toits en pente<\/h4><p class=\"elementor-image-box-description\">Le caoutchouc liquide offre une solution durable et \u00e9tanche pour les toits en pente, prolonge leur dur\u00e9e de vie et pr\u00e9vient les fuites sans risque d'incendie. Il est id\u00e9al pour les anciens toits en tuiles et les toits en amiante, o\u00f9 il offre une protection flexible et une encapsulation s\u00fbre des fibres sans travaux de d\u00e9molition. <\/p><\/div><\/div>\t\t\t\t<\/div>\n\t\t\t\t<\/div>\n\t\t\t\t<\/div>\n\t\t<div class=\"elementor-element elementor-element-0ae608d e-con-full e-flex e-con e-child\" data-id=\"0ae608d\" data-element_type=\"container\" data-e-type=\"container\">\n\t\t\t\t<div class=\"elementor-element elementor-element-93398ce elementor-widget-tablet__width-initial elementor-widget-mobile__width-inherit elementor-widget__width-initial elementor-position-top elementor-widget elementor-widget-image-box\" data-id=\"93398ce\" data-element_type=\"widget\" data-e-type=\"widget\" data-widget_type=\"image-box.default\">\n\t\t\t\t<div class=\"elementor-widget-container\">\n\t\t\t\t\t<div class=\"elementor-image-box-wrapper\"><figure class=\"elementor-image-box-img\"><img decoding=\"async\" width=\"1800\" height=\"1201\" src=\"https:\/\/rubecorubber.com\/wp-content\/uploads\/2024\/04\/joshua-sukoff-TmNNde-SdZE-unsplash.jpg\" class=\"elementor-animation-grow attachment-full size-full wp-image-60\" alt=\"\" srcset=\"https:\/\/rubecorubber.com\/wp-content\/uploads\/2024\/04\/joshua-sukoff-TmNNde-SdZE-unsplash.jpg 1800w, https:\/\/rubecorubber.com\/wp-content\/uploads\/2024\/04\/joshua-sukoff-TmNNde-SdZE-unsplash-300x200.jpg 300w, https:\/\/rubecorubber.com\/wp-content\/uploads\/2024\/04\/joshua-sukoff-TmNNde-SdZE-unsplash-1024x683.jpg 1024w, https:\/\/rubecorubber.com\/wp-content\/uploads\/2024\/04\/joshua-sukoff-TmNNde-SdZE-unsplash-768x512.jpg 768w, https:\/\/rubecorubber.com\/wp-content\/uploads\/2024\/04\/joshua-sukoff-TmNNde-SdZE-unsplash-1536x1025.jpg 1536w\" sizes=\"(max-width: 1800px) 100vw, 1800px\" \/><\/figure><div class=\"elementor-image-box-content\"><h4 class=\"elementor-image-box-title\">Toitures industrielles<\/h4><p class=\"elementor-image-box-description\">Le caoutchouc liquide offre une solution sans couture, flexible et \u00e9tanche pour les toitures industrielles. Il est plus rapide \u00e0 installer, rentable, respectueux de l'environnement et plus s\u00fbr que les mat\u00e9riaux traditionnels tels que le bitume, le roofing et l'EPDM.<\/p><\/div><\/div>\t\t\t\t<\/div>\n\t\t\t\t<\/div>\n\t\t\t\t<div class=\"elementor-element elementor-element-6f4193e elementor-widget-tablet__width-initial elementor-widget-mobile__width-inherit elementor-widget__width-initial elementor-position-top elementor-widget elementor-widget-image-box\" data-id=\"6f4193e\" data-element_type=\"widget\" data-e-type=\"widget\" data-widget_type=\"image-box.default\">\n\t\t\t\t<div class=\"elementor-widget-container\">\n\t\t\t\t\t<div class=\"elementor-image-box-wrapper\"><figure class=\"elementor-image-box-img\"><img loading=\"lazy\" decoding=\"async\" width=\"1800\" height=\"1200\" src=\"https:\/\/rubecorubber.com\/wp-content\/uploads\/2024\/10\/20171103_111414-1_1800-x1200.jpg\" class=\"elementor-animation-grow attachment-full size-full wp-image-345\" alt=\"\" srcset=\"https:\/\/rubecorubber.com\/wp-content\/uploads\/2024\/10\/20171103_111414-1_1800-x1200.jpg 1800w, https:\/\/rubecorubber.com\/wp-content\/uploads\/2024\/10\/20171103_111414-1_1800-x1200-300x200.jpg 300w, https:\/\/rubecorubber.com\/wp-content\/uploads\/2024\/10\/20171103_111414-1_1800-x1200-1024x683.jpg 1024w, https:\/\/rubecorubber.com\/wp-content\/uploads\/2024\/10\/20171103_111414-1_1800-x1200-768x512.jpg 768w, https:\/\/rubecorubber.com\/wp-content\/uploads\/2024\/10\/20171103_111414-1_1800-x1200-1536x1024.jpg 1536w\" sizes=\"(max-width: 1800px) 100vw, 1800px\" \/><\/figure><div class=\"elementor-image-box-content\"><h4 class=\"elementor-image-box-title\">R\u00e9novation et r\u00e9paration<\/h4><p class=\"elementor-image-box-description\">Le caoutchouc liquide est la solution id\u00e9ale pour les toits en amiante et la r\u00e9novation des toits. Il encapsule les fibres nocives, cr\u00e9e une couche flexible et imperm\u00e9able et prolonge la dur\u00e9e de vie des toits. Gr\u00e2ce \u00e0 son excellente adh\u00e9rence et \u00e0 sa durabilit\u00e9, c'est un choix s\u00fbr et rentable. Investissez dans le caoutchouc liquide pour une toiture sans souci !   <\/p><\/div><\/div>\t\t\t\t<\/div>\n\t\t\t\t<\/div>\n\t\t\t\t<\/div>\n\t\t\t\t<div class=\"elementor-element elementor-element-b3a949a elementor-align-center elementor-widget__width-inherit elementor-invisible elementor-widget elementor-widget-button\" data-id=\"b3a949a\" data-element_type=\"widget\" data-e-type=\"widget\" data-settings=\"{&quot;_animation&quot;:&quot;fadeInDown&quot;}\" data-widget_type=\"button.default\">\n\t\t\t\t<div class=\"elementor-widget-container\">\n\t\t\t\t\t\t\t\t\t<div class=\"elementor-button-wrapper\">\n\t\t\t\t\t<a class=\"elementor-button elementor-button-link elementor-size-sm\" href=\"https:\/\/rubecorubber.com\/fr\/contactez-nous\">\n\t\t\t\t\t\t<span class=\"elementor-button-content-wrapper\">\n\t\t\t\t\t\t\t\t\t<span class=\"elementor-button-text\">Demande de devis<\/span>\n\t\t\t\t\t<\/span>\n\t\t\t\t\t<\/a>\n\t\t\t\t<\/div>\n\t\t\t\t\t\t\t\t<\/div>\n\t\t\t\t<\/div>\n\t\t\t\t\t<\/div>\n\t\t\t\t<\/div>\n\t\t<div class=\"elementor-element elementor-element-bdac297 e-flex e-con-boxed e-con e-parent\" data-id=\"bdac297\" data-element_type=\"container\" data-e-type=\"container\">\n\t\t\t\t\t<div class=\"e-con-inner\">\n\t\t\t\t\t<\/div>\n\t\t\t\t<\/div>\n\t\t\t\t<\/div>\n\t\t","protected":false},"excerpt":{"rendered":"<p>Toiture Toits plats Le caoutchouc liquide est le choix id\u00e9al pour les toits plats gr\u00e2ce \u00e0 ses propri\u00e9t\u00e9s durables, s\u00fbres et respectueuses de l&rsquo;environnement, parfaites pour les maisons neuves et existantes. Il permet une installation rapide sans risque d&rsquo;incendie et minimise les d\u00e9chets, ce qui en fait une meilleure alternative aux mat\u00e9riaux de couverture traditionnels [&hellip;]<\/p>\n","protected":false},"author":1,"featured_media":0,"parent":971,"menu_order":0,"comment_status":"closed","ping_status":"closed","template":"","meta":{"footnotes":""},"class_list":["post-959","page","type-page","status-publish","hentry"],"_links":{"self":[{"href":"https:\/\/rubecorubber.com\/fr\/wp-json\/wp\/v2\/pages\/959","targetHints":{"allow":["GET"]}}],"collection":[{"href":"https:\/\/rubecorubber.com\/fr\/wp-json\/wp\/v2\/pages"}],"about":[{"href":"https:\/\/rubecorubber.com\/fr\/wp-json\/wp\/v2\/types\/page"}],"author":[{"embeddable":true,"href":"https:\/\/rubecorubber.com\/fr\/wp-json\/wp\/v2\/users\/1"}],"replies":[{"embeddable":true,"href":"https:\/\/rubecorubber.com\/fr\/wp-json\/wp\/v2\/comments?post=959"}],"version-history":[{"count":4,"href":"https:\/\/rubecorubber.com\/fr\/wp-json\/wp\/v2\/pages\/959\/revisions"}],"predecessor-version":[{"id":1037,"href":"https:\/\/rubecorubber.com\/fr\/wp-json\/wp\/v2\/pages\/959\/revisions\/1037"}],"up":[{"embeddable":true,"href":"https:\/\/rubecorubber.com\/fr\/wp-json\/wp\/v2\/pages\/971"}],"wp:attachment":[{"href":"https:\/\/rubecorubber.com\/fr\/wp-json\/wp\/v2\/media?parent=959"}],"curies":[{"name":"wp","href":"https:\/\/api.w.org\/{rel}","templated":true}]}}