{"id":957,"date":"2024-10-27T10:19:11","date_gmt":"2024-10-27T10:19:11","guid":{"rendered":"https:\/\/rubecorubber.com\/notre-produit\/"},"modified":"2025-04-24T19:26:08","modified_gmt":"2025-04-24T19:26:08","slug":"notre-produit","status":"publish","type":"page","link":"https:\/\/rubecorubber.com\/fr\/notre-produit\/","title":{"rendered":"Notre produit"},"content":{"rendered":"\t\t<div data-elementor-type=\"wp-page\" data-elementor-id=\"957\" class=\"elementor elementor-957 elementor-539\">\n\t\t\t\t<div class=\"elementor-element elementor-element-8bb3771 e-flex e-con-boxed e-con e-parent\" data-id=\"8bb3771\" data-element_type=\"container\" data-e-type=\"container\" data-settings=\"{&quot;background_background&quot;:&quot;classic&quot;}\">\n\t\t\t\t\t<div class=\"e-con-inner\">\n\t\t<div class=\"elementor-element elementor-element-cd1b9af e-con-full e-flex e-con e-child\" data-id=\"cd1b9af\" data-element_type=\"container\" data-e-type=\"container\">\n\t\t\t\t<div class=\"elementor-element elementor-element-06d4448 elementor-invisible elementor-widget elementor-widget-heading\" data-id=\"06d4448\" data-element_type=\"widget\" data-e-type=\"widget\" data-settings=\"{&quot;_animation&quot;:&quot;fadeIn&quot;}\" data-widget_type=\"heading.default\">\n\t\t\t\t<div class=\"elementor-widget-container\">\n\t\t\t\t\t<h1 class=\"elementor-heading-title elementor-size-default\">Les avantages du caoutchouc liquide<br><\/h1>\t\t\t\t<\/div>\n\t\t\t\t<\/div>\n\t\t\t\t<\/div>\n\t\t\t\t\t<\/div>\n\t\t\t\t<\/div>\n\t\t<div class=\"elementor-element elementor-element-7c354ac e-con-full e-flex e-con e-child\" data-id=\"7c354ac\" data-element_type=\"container\" data-e-type=\"container\">\n\t\t\t\t<div class=\"elementor-element elementor-element-589b9a6 elementor-widget elementor-widget-video\" data-id=\"589b9a6\" data-element_type=\"widget\" data-e-type=\"widget\" data-settings=\"{&quot;video_type&quot;:&quot;hosted&quot;,&quot;mute&quot;:&quot;yes&quot;,&quot;loop&quot;:&quot;yes&quot;,&quot;controls&quot;:&quot;yes&quot;}\" data-widget_type=\"video.default\">\n\t\t\t\t<div class=\"elementor-widget-container\">\n\t\t\t\t\t\t\t<div class=\"e-hosted-video elementor-wrapper elementor-open-inline\">\n\t\t\t\t\t<video class=\"elementor-video\" src=\"http:\/\/rubecorubber.com\/wp-content\/uploads\/2025\/04\/WhatsApp-Video-2025-02-06-at-13.59.25-1.mp4\" loop=\"\" controls=\"\" preload=\"metadata\" muted=\"muted\"><\/video>\n\t\t\t\t<\/div>\n\t\t\t\t\t\t<\/div>\n\t\t\t\t<\/div>\n\t\t\t\t<\/div>\n\t\t<div class=\"elementor-element elementor-element-4ee1de9 e-con-full e-flex e-con e-child\" data-id=\"4ee1de9\" data-element_type=\"container\" data-e-type=\"container\">\n\t\t<div class=\"elementor-element elementor-element-81ba70f e-con-full e-flex e-con e-child\" data-id=\"81ba70f\" data-element_type=\"container\" data-e-type=\"container\" data-settings=\"{&quot;background_background&quot;:&quot;classic&quot;}\">\n\t\t\t\t<div class=\"elementor-element elementor-element-6927df4 elementor-widget elementor-widget-heading\" data-id=\"6927df4\" data-element_type=\"widget\" data-e-type=\"widget\" data-widget_type=\"heading.default\">\n\t\t\t\t<div class=\"elementor-widget-container\">\n\t\t\t\t\t<h4 class=\"elementor-heading-title elementor-size-default\">Respect de l'environnement<\/h4>\t\t\t\t<\/div>\n\t\t\t\t<\/div>\n\t\t\t\t<div class=\"elementor-element elementor-element-bac648a elementor-widget elementor-widget-image\" data-id=\"bac648a\" data-element_type=\"widget\" data-e-type=\"widget\" data-widget_type=\"image.default\">\n\t\t\t\t<div class=\"elementor-widget-container\">\n\t\t\t\t\t\t\t\t\t\t\t\t\t\t\t<img fetchpriority=\"high\" decoding=\"async\" width=\"300\" height=\"169\" src=\"https:\/\/rubecorubber.com\/wp-content\/uploads\/2025\/02\/\u2014Pngtree\u2014green-eco-friendly-logo-symbol_8475767-300x169.png\" class=\"attachment-medium size-medium wp-image-643\" alt=\"\" srcset=\"https:\/\/rubecorubber.com\/wp-content\/uploads\/2025\/02\/\u2014Pngtree\u2014green-eco-friendly-logo-symbol_8475767-300x169.png 300w, https:\/\/rubecorubber.com\/wp-content\/uploads\/2025\/02\/\u2014Pngtree\u2014green-eco-friendly-logo-symbol_8475767-1024x576.png 1024w, https:\/\/rubecorubber.com\/wp-content\/uploads\/2025\/02\/\u2014Pngtree\u2014green-eco-friendly-logo-symbol_8475767-768x432.png 768w, https:\/\/rubecorubber.com\/wp-content\/uploads\/2025\/02\/\u2014Pngtree\u2014green-eco-friendly-logo-symbol_8475767-1536x864.png 1536w, https:\/\/rubecorubber.com\/wp-content\/uploads\/2025\/02\/\u2014Pngtree\u2014green-eco-friendly-logo-symbol_8475767-2048x1152.png 2048w\" sizes=\"(max-width: 300px) 100vw, 300px\" \/>\t\t\t\t\t\t\t\t\t\t\t\t\t\t\t<\/div>\n\t\t\t\t<\/div>\n\t\t\t\t<div class=\"elementor-element elementor-element-732a3f4 elementor-widget-divider--view-line elementor-widget elementor-widget-divider\" data-id=\"732a3f4\" data-element_type=\"widget\" data-e-type=\"widget\" data-widget_type=\"divider.default\">\n\t\t\t\t<div class=\"elementor-widget-container\">\n\t\t\t\t\t\t\t<div class=\"elementor-divider\">\n\t\t\t<span class=\"elementor-divider-separator\">\n\t\t\t\t\t\t<\/span>\n\t\t<\/div>\n\t\t\t\t\t\t<\/div>\n\t\t\t\t<\/div>\n\t\t\t\t<div class=\"elementor-element elementor-element-5dbd052 elementor-widget elementor-widget-text-editor\" data-id=\"5dbd052\" data-element_type=\"widget\" data-e-type=\"widget\" data-widget_type=\"text-editor.default\">\n\t\t\t\t<div class=\"elementor-widget-container\">\n\t\t\t\t\t\t\t\t\t<div class=\"flex-shrink-0 flex flex-col relative items-end\"><div class=\"pt-0\"><div class=\"gizmo-bot-avatar flex h-8 w-8 items-center justify-center overflow-hidden rounded-full\"><div class=\"relative p-1 rounded-sm flex items-center justify-center bg-token-main-surface-primary text-token-text-primary h-8 w-8\">De nombreux produits en caoutchouc liquide sont \u00e0 base d&rsquo;eau et ne contiennent pas de produits chimiques ou de solvants nocifs (COV), ce qui r\u00e9duit leur impact sur l&rsquo;environnement. Cette caract\u00e9ristique est importante pour les applications telles que les citernes qui stockent de l&rsquo;eau potable, car elle emp\u00eache les substances nocives de p\u00e9n\u00e9trer dans l&rsquo;eau.<\/div><\/div><\/div><\/div>\t\t\t\t\t\t\t\t<\/div>\n\t\t\t\t<\/div>\n\t\t\t\t<\/div>\n\t\t<div class=\"elementor-element elementor-element-f71e57b e-con-full e-flex e-con e-child\" data-id=\"f71e57b\" data-element_type=\"container\" data-e-type=\"container\" data-settings=\"{&quot;background_background&quot;:&quot;classic&quot;}\">\n\t\t\t\t<div class=\"elementor-element elementor-element-84311c5 elementor-widget elementor-widget-heading\" data-id=\"84311c5\" data-element_type=\"widget\" data-e-type=\"widget\" data-widget_type=\"heading.default\">\n\t\t\t\t<div class=\"elementor-widget-container\">\n\t\t\t\t\t<h4 class=\"elementor-heading-title elementor-size-default\">Imm\u00e9diatement \u00e9tanche<\/h4>\t\t\t\t<\/div>\n\t\t\t\t<\/div>\n\t\t\t\t<div class=\"elementor-element elementor-element-1ccee6d elementor-widget-divider--view-line elementor-widget elementor-widget-divider\" data-id=\"1ccee6d\" data-element_type=\"widget\" data-e-type=\"widget\" data-widget_type=\"divider.default\">\n\t\t\t\t<div class=\"elementor-widget-container\">\n\t\t\t\t\t\t\t<div class=\"elementor-divider\">\n\t\t\t<span class=\"elementor-divider-separator\">\n\t\t\t\t\t\t<\/span>\n\t\t<\/div>\n\t\t\t\t\t\t<\/div>\n\t\t\t\t<\/div>\n\t\t\t\t<div class=\"elementor-element elementor-element-5f371b8 elementor-widget elementor-widget-text-editor\" data-id=\"5f371b8\" data-element_type=\"widget\" data-e-type=\"widget\" data-widget_type=\"text-editor.default\">\n\t\t\t\t<div class=\"elementor-widget-container\">\n\t\t\t\t\t\t\t\t\tLe caoutchouc liquide forme une couche sans couture, flexible et durable qui est compl\u00e8tement imperm\u00e9able. Cela emp\u00eache l&rsquo;infiltration d&rsquo;eau et prot\u00e8ge contre les fuites, m\u00eame dans les zones critiques telles que les joints, les coins et les fissures o\u00f9 d&rsquo;autres mat\u00e9riaux \u00e9chouent souvent.\t\t\t\t\t\t\t\t<\/div>\n\t\t\t\t<\/div>\n\t\t\t\t<div class=\"elementor-element elementor-element-31ea28e elementor-align-center elementor-widget__width-inherit elementor-invisible elementor-widget elementor-widget-button\" data-id=\"31ea28e\" data-element_type=\"widget\" data-e-type=\"widget\" data-settings=\"{&quot;_animation&quot;:&quot;fadeInDown&quot;}\" data-widget_type=\"button.default\">\n\t\t\t\t<div class=\"elementor-widget-container\">\n\t\t\t\t\t\t\t\t\t<div class=\"elementor-button-wrapper\">\n\t\t\t\t\t<a class=\"elementor-button elementor-button-link elementor-size-sm\" href=\"https:\/\/rubecorubber.com\/fr\/applications\/\">\n\t\t\t\t\t\t<span class=\"elementor-button-content-wrapper\">\n\t\t\t\t\t\t\t\t\t<span class=\"elementor-button-text\">Voir toutes les applications<\/span>\n\t\t\t\t\t<\/span>\n\t\t\t\t\t<\/a>\n\t\t\t\t<\/div>\n\t\t\t\t\t\t\t\t<\/div>\n\t\t\t\t<\/div>\n\t\t\t\t<\/div>\n\t\t\t\t<\/div>\n\t\t<div class=\"elementor-element elementor-element-bfa58e9 e-con-full e-flex e-con e-child\" data-id=\"bfa58e9\" data-element_type=\"container\" data-e-type=\"container\">\n\t\t<div class=\"elementor-element elementor-element-a216b6a e-con-full e-flex e-con e-child\" data-id=\"a216b6a\" data-element_type=\"container\" data-e-type=\"container\" data-settings=\"{&quot;background_background&quot;:&quot;classic&quot;}\">\n\t\t\t\t<div class=\"elementor-element elementor-element-2d3ffa6 elementor-widget elementor-widget-heading\" data-id=\"2d3ffa6\" data-element_type=\"widget\" data-e-type=\"widget\" data-widget_type=\"heading.default\">\n\t\t\t\t<div class=\"elementor-widget-container\">\n\t\t\t\t\t<h4 class=\"elementor-heading-title elementor-size-default\">Flexible &amp; 800% \u00e9lastique<\/h4>\t\t\t\t<\/div>\n\t\t\t\t<\/div>\n\t\t\t\t<div class=\"elementor-element elementor-element-edcc2f1 elementor-widget-divider--view-line elementor-widget elementor-widget-divider\" data-id=\"edcc2f1\" data-element_type=\"widget\" data-e-type=\"widget\" data-widget_type=\"divider.default\">\n\t\t\t\t<div class=\"elementor-widget-container\">\n\t\t\t\t\t\t\t<div class=\"elementor-divider\">\n\t\t\t<span class=\"elementor-divider-separator\">\n\t\t\t\t\t\t<\/span>\n\t\t<\/div>\n\t\t\t\t\t\t<\/div>\n\t\t\t\t<\/div>\n\t\t\t\t<div class=\"elementor-element elementor-element-46147af elementor-widget elementor-widget-text-editor\" data-id=\"46147af\" data-element_type=\"widget\" data-e-type=\"widget\" data-widget_type=\"text-editor.default\">\n\t\t\t\t<div class=\"elementor-widget-container\">\n\t\t\t\t\t\t\t\t\t<div class=\"flex-shrink-0 flex flex-col relative items-end\"><div class=\"pt-0\"><div class=\"gizmo-bot-avatar flex h-8 w-8 items-center justify-center overflow-hidden rounded-full\"><div class=\"relative p-1 rounded-sm flex items-center justify-center bg-token-main-surface-primary text-token-text-primary h-8 w-8\">Le caoutchouc liquide est tr\u00e8s \u00e9lastique, ce qui signifie qu&rsquo;il peut s&rsquo;\u00e9tirer et se contracter sans se d\u00e9chirer ni se fissurer. Ceci est particuli\u00e8rement utile pour les citernes, car les surfaces en b\u00e9ton et en pierre peuvent se dilater ou se contracter en raison des changements de temp\u00e9rature. La nature \u00e9lastique du caoutchouc liquide lui permet de bien se d\u00e9placer sans perdre ses propri\u00e9t\u00e9s d&rsquo;\u00e9tanch\u00e9it\u00e9.<\/div><\/div><\/div><\/div>\t\t\t\t\t\t\t\t<\/div>\n\t\t\t\t<\/div>\n\t\t\t\t<\/div>\n\t\t<div class=\"elementor-element elementor-element-2cd32b0 e-con-full e-flex e-con e-child\" data-id=\"2cd32b0\" data-element_type=\"container\" data-e-type=\"container\" data-settings=\"{&quot;background_background&quot;:&quot;classic&quot;}\">\n\t\t\t\t<\/div>\n\t\t\t\t<\/div>\n\t\t<div class=\"elementor-element elementor-element-a041b31 e-con-full e-flex e-con e-child\" data-id=\"a041b31\" data-element_type=\"container\" data-e-type=\"container\">\n\t\t<div class=\"elementor-element elementor-element-cffe7d4 e-con-full e-flex e-con e-child\" data-id=\"cffe7d4\" data-element_type=\"container\" data-e-type=\"container\" data-settings=\"{&quot;background_background&quot;:&quot;classic&quot;}\">\n\t\t\t\t<div class=\"elementor-element elementor-element-b87411a elementor-widget elementor-widget-heading\" data-id=\"b87411a\" data-element_type=\"widget\" data-e-type=\"widget\" data-widget_type=\"heading.default\">\n\t\t\t\t<div class=\"elementor-widget-container\">\n\t\t\t\t\t<h4 class=\"elementor-heading-title elementor-size-default\">Application facile<br> et s\u00e9chage rapide<\/h4>\t\t\t\t<\/div>\n\t\t\t\t<\/div>\n\t\t\t\t<div class=\"elementor-element elementor-element-5686794 elementor-widget-divider--view-line elementor-widget elementor-widget-divider\" data-id=\"5686794\" data-element_type=\"widget\" data-e-type=\"widget\" data-widget_type=\"divider.default\">\n\t\t\t\t<div class=\"elementor-widget-container\">\n\t\t\t\t\t\t\t<div class=\"elementor-divider\">\n\t\t\t<span class=\"elementor-divider-separator\">\n\t\t\t\t\t\t<\/span>\n\t\t<\/div>\n\t\t\t\t\t\t<\/div>\n\t\t\t\t<\/div>\n\t\t\t\t<div class=\"elementor-element elementor-element-9b21890 elementor-widget elementor-widget-text-editor\" data-id=\"9b21890\" data-element_type=\"widget\" data-e-type=\"widget\" data-widget_type=\"text-editor.default\">\n\t\t\t\t<div class=\"elementor-widget-container\">\n\t\t\t\t\t\t\t\t\t<div class=\"flex-shrink-0 flex flex-col relative items-end\"><div class=\"pt-0\"><div class=\"gizmo-bot-avatar flex h-8 w-8 items-center justify-center overflow-hidden rounded-full\"><div class=\"relative p-1 rounded-sm flex items-center justify-center bg-token-main-surface-primary text-token-text-primary h-8 w-8\"><p>L&rsquo;application du caoutchouc liquide est relativement facile, m\u00eame sur des surfaces irr\u00e9guli\u00e8res. Il adh\u00e8re bien \u00e0 presque tous les mat\u00e9riaux de construction, tels que le b\u00e9ton, l&rsquo;acier et la ma\u00e7onnerie, sans n\u00e9cessiter de proc\u00e9dure d&rsquo;installation compliqu\u00e9e.<\/p><p>Il s\u00e8che rapidement et forme une couche imperm\u00e9able durable, ce qui r\u00e9duit le temps d&rsquo;attente pour l&rsquo;utilisation de la citerne par rapport \u00e0 d&rsquo;autres mat\u00e9riaux.<\/p><\/div><\/div><\/div><\/div>\t\t\t\t\t\t\t\t<\/div>\n\t\t\t\t<\/div>\n\t\t\t\t<\/div>\n\t\t\t\t<\/div>\n\t\t<div class=\"elementor-element elementor-element-c40ffcc e-con-full e-flex e-con e-child\" data-id=\"c40ffcc\" data-element_type=\"container\" data-e-type=\"container\">\n\t\t<div class=\"elementor-element elementor-element-04e79ea e-con-full e-flex e-con e-child\" data-id=\"04e79ea\" data-element_type=\"container\" data-e-type=\"container\" data-settings=\"{&quot;background_background&quot;:&quot;classic&quot;}\">\n\t\t\t\t<div class=\"elementor-element elementor-element-4fa5377 elementor-widget elementor-widget-heading\" data-id=\"4fa5377\" data-element_type=\"widget\" data-e-type=\"widget\" data-widget_type=\"heading.default\">\n\t\t\t\t<div class=\"elementor-widget-container\">\n\t\t\t\t\t<h4 class=\"elementor-heading-title elementor-size-default\">Une application sans faille<\/h4>\t\t\t\t<\/div>\n\t\t\t\t<\/div>\n\t\t\t\t<div class=\"elementor-element elementor-element-e1d5735 elementor-widget-divider--view-line elementor-widget elementor-widget-divider\" data-id=\"e1d5735\" data-element_type=\"widget\" data-e-type=\"widget\" data-widget_type=\"divider.default\">\n\t\t\t\t<div class=\"elementor-widget-container\">\n\t\t\t\t\t\t\t<div class=\"elementor-divider\">\n\t\t\t<span class=\"elementor-divider-separator\">\n\t\t\t\t\t\t<\/span>\n\t\t<\/div>\n\t\t\t\t\t\t<\/div>\n\t\t\t\t<\/div>\n\t\t\t\t<div class=\"elementor-element elementor-element-c91a4cc elementor-widget elementor-widget-text-editor\" data-id=\"c91a4cc\" data-element_type=\"widget\" data-e-type=\"widget\" data-widget_type=\"text-editor.default\">\n\t\t\t\t<div class=\"elementor-widget-container\">\n\t\t\t\t\t\t\t\t\tComme il se pr\u00e9sente sous forme liquide, le caoutchouc est appliqu\u00e9 directement sur la surface \u00e0 l&rsquo;aide d&rsquo;un rouleau, d&rsquo;un pinceau ou d&rsquo;un pulv\u00e9risateur. Par cons\u00e9quent, il n&rsquo;y a pas de joints ou de raccords par lesquels l&rsquo;eau peut s&rsquo;infiltrer, comme c&rsquo;est le cas avec les m\u00e9thodes traditionnelles telles que les membranes ou les couches de bitume. Ce caract\u00e8re homog\u00e8ne garantit une protection uniforme.\t\t\t\t\t\t\t\t<\/div>\n\t\t\t\t<\/div>\n\t\t\t\t<\/div>\n\t\t\t\t<\/div>\n\t\t<div class=\"elementor-element elementor-element-c69d176 e-con-full e-flex e-con e-child\" data-id=\"c69d176\" data-element_type=\"container\" data-e-type=\"container\">\n\t\t<div class=\"elementor-element elementor-element-015ef8a e-con-full e-flex e-con e-child\" data-id=\"015ef8a\" data-element_type=\"container\" data-e-type=\"container\" data-settings=\"{&quot;background_background&quot;:&quot;classic&quot;}\">\n\t\t\t\t<div class=\"elementor-element elementor-element-ec84145 elementor-widget elementor-widget-heading\" data-id=\"ec84145\" data-element_type=\"widget\" data-e-type=\"widget\" data-widget_type=\"heading.default\">\n\t\t\t\t<div class=\"elementor-widget-container\">\n\t\t\t\t\t<h4 class=\"elementor-heading-title elementor-size-default\">R\u00e9sistant aux produits chimiques<br> et aux rayons UV<\/h4>\t\t\t\t<\/div>\n\t\t\t\t<\/div>\n\t\t\t\t<div class=\"elementor-element elementor-element-b6274cb elementor-widget-divider--view-line elementor-widget elementor-widget-divider\" data-id=\"b6274cb\" data-element_type=\"widget\" data-e-type=\"widget\" data-widget_type=\"divider.default\">\n\t\t\t\t<div class=\"elementor-widget-container\">\n\t\t\t\t\t\t\t<div class=\"elementor-divider\">\n\t\t\t<span class=\"elementor-divider-separator\">\n\t\t\t\t\t\t<\/span>\n\t\t<\/div>\n\t\t\t\t\t\t<\/div>\n\t\t\t\t<\/div>\n\t\t\t\t<div class=\"elementor-element elementor-element-800535b elementor-widget elementor-widget-text-editor\" data-id=\"800535b\" data-element_type=\"widget\" data-e-type=\"widget\" data-widget_type=\"text-editor.default\">\n\t\t\t\t<div class=\"elementor-widget-container\">\n\t\t\t\t\t\t\t\t\tDe nombreux produits en caoutchouc liquide sont r\u00e9sistants aux produits chimiques et aux rayons UV. Ils conviennent donc aussi bien aux citernes souterraines qu&rsquo;aux citernes a\u00e9riennes. Cette r\u00e9sistance emp\u00eache la d\u00e9gradation du mat\u00e9riau due \u00e0 l&rsquo;exposition \u00e0 l&rsquo;environnement ou aux produits chimiques pr\u00e9sents dans l&rsquo;eau.\t\t\t\t\t\t\t\t<\/div>\n\t\t\t\t<\/div>\n\t\t\t\t<\/div>\n\t\t<div class=\"elementor-element elementor-element-5ad29ed e-con-full e-flex e-con e-child\" data-id=\"5ad29ed\" data-element_type=\"container\" data-e-type=\"container\" data-settings=\"{&quot;background_background&quot;:&quot;classic&quot;}\">\n\t\t\t\t<div class=\"elementor-element elementor-element-61d8ad7 elementor-widget elementor-widget-heading\" data-id=\"61d8ad7\" data-element_type=\"widget\" data-e-type=\"widget\" data-widget_type=\"heading.default\">\n\t\t\t\t<div class=\"elementor-widget-container\">\n\t\t\t\t\t<h4 class=\"elementor-heading-title elementor-size-default\">Durable<\/h4>\t\t\t\t<\/div>\n\t\t\t\t<\/div>\n\t\t\t\t<div class=\"elementor-element elementor-element-602620b elementor-widget-divider--view-line elementor-widget elementor-widget-divider\" data-id=\"602620b\" data-element_type=\"widget\" data-e-type=\"widget\" data-widget_type=\"divider.default\">\n\t\t\t\t<div class=\"elementor-widget-container\">\n\t\t\t\t\t\t\t<div class=\"elementor-divider\">\n\t\t\t<span class=\"elementor-divider-separator\">\n\t\t\t\t\t\t<\/span>\n\t\t<\/div>\n\t\t\t\t\t\t<\/div>\n\t\t\t\t<\/div>\n\t\t\t\t<div class=\"elementor-element elementor-element-89b4e51 elementor-widget elementor-widget-text-editor\" data-id=\"89b4e51\" data-element_type=\"widget\" data-e-type=\"widget\" data-widget_type=\"text-editor.default\">\n\t\t\t\t<div class=\"elementor-widget-container\">\n\t\t\t\t\t\t\t\t\tLe caoutchouc liquide a une longue dur\u00e9e de vie. Il r\u00e9siste aux intemp\u00e9ries, aux moisissures et \u00e0 la corrosion. Il s&rsquo;agit donc d&rsquo;une solution fiable et n\u00e9cessitant peu d&rsquo;entretien pour l&rsquo;imperm\u00e9abilisation \u00e0 long terme des citernes.\t\t\t\t\t\t\t\t<\/div>\n\t\t\t\t<\/div>\n\t\t\t\t<\/div>\n\t\t\t\t<\/div>\n\t\t<div class=\"elementor-element elementor-element-24ddb3f e-con-full e-flex e-con e-child\" data-id=\"24ddb3f\" data-element_type=\"container\" data-e-type=\"container\">\n\t\t\t\t<div class=\"elementor-element elementor-element-52da6c1 elementor-align-center elementor-widget__width-inherit elementor-invisible elementor-widget elementor-widget-button\" data-id=\"52da6c1\" data-element_type=\"widget\" data-e-type=\"widget\" data-settings=\"{&quot;_animation&quot;:&quot;fadeInDown&quot;}\" data-widget_type=\"button.default\">\n\t\t\t\t<div class=\"elementor-widget-container\">\n\t\t\t\t\t\t\t\t\t<div class=\"elementor-button-wrapper\">\n\t\t\t\t\t<a class=\"elementor-button elementor-button-link elementor-size-sm\" href=\"https:\/\/rubecorubber.com\/fr\/contactez-nous\/\">\n\t\t\t\t\t\t<span class=\"elementor-button-content-wrapper\">\n\t\t\t\t\t\t\t\t\t<span class=\"elementor-button-text\">Demandez un devis<\/span>\n\t\t\t\t\t<\/span>\n\t\t\t\t\t<\/a>\n\t\t\t\t<\/div>\n\t\t\t\t\t\t\t\t<\/div>\n\t\t\t\t<\/div>\n\t\t\t\t<\/div>\n\t\t\t\t<\/div>\n\t\t","protected":false},"excerpt":{"rendered":"<p>Les avantages du caoutchouc liquide http:\/\/rubecorubber.com\/wp-content\/uploads\/2025\/04\/WhatsApp-Video-2025-02-06-at-13.59.25-1.mp4 Respect de l&rsquo;environnement De nombreux produits en caoutchouc liquide sont \u00e0 base d&rsquo;eau et ne contiennent pas de produits chimiques ou de solvants nocifs (COV), ce qui r\u00e9duit leur impact sur l&rsquo;environnement. Cette caract\u00e9ristique est importante pour les applications telles que les citernes qui stockent de l&rsquo;eau potable, car [&hellip;]<\/p>\n","protected":false},"author":1,"featured_media":0,"parent":0,"menu_order":0,"comment_status":"closed","ping_status":"closed","template":"elementor_header_footer","meta":{"footnotes":""},"class_list":["post-957","page","type-page","status-publish","hentry"],"_links":{"self":[{"href":"https:\/\/rubecorubber.com\/fr\/wp-json\/wp\/v2\/pages\/957","targetHints":{"allow":["GET"]}}],"collection":[{"href":"https:\/\/rubecorubber.com\/fr\/wp-json\/wp\/v2\/pages"}],"about":[{"href":"https:\/\/rubecorubber.com\/fr\/wp-json\/wp\/v2\/types\/page"}],"author":[{"embeddable":true,"href":"https:\/\/rubecorubber.com\/fr\/wp-json\/wp\/v2\/users\/1"}],"replies":[{"embeddable":true,"href":"https:\/\/rubecorubber.com\/fr\/wp-json\/wp\/v2\/comments?post=957"}],"version-history":[{"count":6,"href":"https:\/\/rubecorubber.com\/fr\/wp-json\/wp\/v2\/pages\/957\/revisions"}],"predecessor-version":[{"id":1188,"href":"https:\/\/rubecorubber.com\/fr\/wp-json\/wp\/v2\/pages\/957\/revisions\/1188"}],"wp:attachment":[{"href":"https:\/\/rubecorubber.com\/fr\/wp-json\/wp\/v2\/media?parent=957"}],"curies":[{"name":"wp","href":"https:\/\/api.w.org\/{rel}","templated":true}]}}