{"id":1168,"date":"2025-04-24T12:38:22","date_gmt":"2025-04-24T12:38:22","guid":{"rendered":"https:\/\/rubecorubber.com\/applications\/usage-maritime\/"},"modified":"2025-04-24T19:08:30","modified_gmt":"2025-04-24T19:08:30","slug":"usage-maritime","status":"publish","type":"page","link":"https:\/\/rubecorubber.com\/fr\/applications\/usage-maritime\/","title":{"rendered":"Usage maritime"},"content":{"rendered":"\t\t<div data-elementor-type=\"wp-page\" data-elementor-id=\"1168\" class=\"elementor elementor-1168 elementor-1071\">\n\t\t\t\t<div class=\"elementor-element elementor-element-5e98183 e-flex e-con-boxed e-con e-parent\" data-id=\"5e98183\" data-element_type=\"container\" data-e-type=\"container\" data-settings=\"{&quot;background_background&quot;:&quot;classic&quot;}\">\n\t\t\t\t\t<div class=\"e-con-inner\">\n\t\t<div class=\"elementor-element elementor-element-bf3eda9 e-con-full e-flex e-con e-child\" data-id=\"bf3eda9\" data-element_type=\"container\" data-e-type=\"container\">\n\t\t\t\t<div class=\"elementor-element elementor-element-7dcff33 elementor-invisible elementor-widget elementor-widget-heading\" data-id=\"7dcff33\" data-element_type=\"widget\" data-e-type=\"widget\" data-settings=\"{&quot;_animation&quot;:&quot;fadeIn&quot;}\" data-widget_type=\"heading.default\">\n\t\t\t\t<div class=\"elementor-widget-container\">\n\t\t\t\t\t<h1 class=\"elementor-heading-title elementor-size-default\">Usage maritime<\/h1>\t\t\t\t<\/div>\n\t\t\t\t<\/div>\n\t\t\t\t<\/div>\n\t\t\t\t\t<\/div>\n\t\t\t\t<\/div>\n\t\t<div class=\"elementor-element elementor-element-73e2a89 e-flex e-con-boxed e-con e-parent\" data-id=\"73e2a89\" data-element_type=\"container\" data-e-type=\"container\">\n\t\t\t\t\t<div class=\"e-con-inner\">\n\t\t<div class=\"elementor-element elementor-element-45b18ae e-con-full e-flex e-con e-child\" data-id=\"45b18ae\" data-element_type=\"container\" data-e-type=\"container\">\n\t\t\t\t<div class=\"elementor-element elementor-element-452c3ba elementor-widget elementor-widget-heading\" data-id=\"452c3ba\" data-element_type=\"widget\" data-e-type=\"widget\" data-widget_type=\"heading.default\">\n\t\t\t\t<div class=\"elementor-widget-container\">\n\t\t\t\t\t<h4 class=\"elementor-heading-title elementor-size-default\">Syst\u00e8me de rev\u00eatement sous-marin<\/h4>\t\t\t\t<\/div>\n\t\t\t\t<\/div>\n\t\t\t\t<div class=\"elementor-element elementor-element-38ad5ae elementor-widget elementor-widget-text-editor\" data-id=\"38ad5ae\" data-element_type=\"widget\" data-e-type=\"widget\" data-widget_type=\"text-editor.default\">\n\t\t\t\t<div class=\"elementor-widget-container\">\n\t\t\t\t\t\t\t\t\t<p>Le caoutchouc liquide destin\u00e9 \u00e0 l&rsquo;usage maritime consiste en un rev\u00eatement dur, renforc\u00e9 par des flocons de verre, qui ne n\u00e9cessite ni appr\u00eat ni couche de finition.<\/p><ul><li>Il ne se d\u00e9grade pas et devient m\u00eame plus lisse gr\u00e2ce \u00e0 un nettoyage sous-marin r\u00e9gulier.<\/li><li>Dure jusqu&rsquo;\u00e0 25 ans sans recouvrement, avec une garantie de 10 ans (extensible).<\/li><li>Totalement respectueux de l&rsquo;environnement: pas de substances toxiques ni de m\u00e9taux lourds.<\/li><\/ul>\t\t\t\t\t\t\t\t<\/div>\n\t\t\t\t<\/div>\n\t\t\t\t<div class=\"elementor-element elementor-element-47fb077 elementor-widget elementor-widget-heading\" data-id=\"47fb077\" data-element_type=\"widget\" data-e-type=\"widget\" data-widget_type=\"heading.default\">\n\t\t\t\t<div class=\"elementor-widget-container\">\n\t\t\t\t\t<h4 class=\"elementor-heading-title elementor-size-default\">Applications<\/h4>\t\t\t\t<\/div>\n\t\t\t\t<\/div>\n\t\t\t\t<div class=\"elementor-element elementor-element-aa7ae57 elementor-widget elementor-widget-text-editor\" data-id=\"aa7ae57\" data-element_type=\"widget\" data-e-type=\"widget\" data-widget_type=\"text-editor.default\">\n\t\t\t\t<div class=\"elementor-widget-container\">\n\t\t\t\t\t\t\t\t\t<h5>1. Navires de classe glace \/ brise-glace<\/h5>\n<ul>\n \t<li>Certifi\u00e9 r\u00e9sistant \u00e0 l&rsquo;usure par le gel.<\/li>\n \t<li>Conserve son int\u00e9grit\u00e9 m\u00eame apr\u00e8s des ann\u00e9es pass\u00e9es dans des eaux riches en glace.<\/li>\n \t<li>Pr\u00e9vient la cavitation et la corrosion de l&rsquo;\u00e9trave, des gouvernails et des tunnels.<\/li>\n<\/ul>\n<\/br><h5>2. Bateaux de croisi\u00e8re et ferries<\/h5>\n<ul>\n \t<li>Jusqu&rsquo;\u00e0 25 % d&rsquo;\u00e9conomies de carburant gr\u00e2ce \u00e0 une coque lisse en permanence.<\/li>\n \t<li>Visuellement attrayant (ligne de flottaison facile \u00e0 nettoyer).<\/li>\n \t<li>Moins de temps en cale s\u00e8che = moins de perte de temps de navigation.<\/li>\n \t<li>Respect de l&rsquo;environnement = meilleure r\u00e9putation.<\/li>\n<\/ul>\n<\/br><h5>3. Navires et installations offshore<\/h5>\n<ul>\n \t<li>Id\u00e9al pour le stockage \u00e0 long terme (10-40 ans) en mer.<\/li>\n \t<li>Pas de p\u00e9n\u00e9tration par la faute.<\/li>\n \t<li>Enti\u00e8rement nettoyable sans endommager le rev\u00eatement.<\/li>\n \t<li>Approuv\u00e9 selon la norme offshore NORSOK M-501.<\/li>\n<\/ul>\n<\/br><h5>4. Autres navires<\/h5>\n<ul>\n<li>Des yachts aux vraquiers en passant par les navires de guerre.<\/li>\n\n \t<li>Parfait pour ceux qui naviguent dans des zones maritimes sensibles.<\/li>\n \t<li>Int\u00e9ressant pour ceux qui veulent minimiser les cales s\u00e8ches.<\/li>\n<\/ul>\t\t\t\t\t\t\t\t<\/div>\n\t\t\t\t<\/div>\n\t\t\t\t<div class=\"elementor-element elementor-element-0b4c6f3 elementor-widget elementor-widget-heading\" data-id=\"0b4c6f3\" data-element_type=\"widget\" data-e-type=\"widget\" data-widget_type=\"heading.default\">\n\t\t\t\t<div class=\"elementor-widget-container\">\n\t\t\t\t\t<h4 class=\"elementor-heading-title elementor-size-default\">Avantages financiers<\/h4>\t\t\t\t<\/div>\n\t\t\t\t<\/div>\n\t\t\t\t<div class=\"elementor-element elementor-element-313460d elementor-widget elementor-widget-text-editor\" data-id=\"313460d\" data-element_type=\"widget\" data-e-type=\"widget\" data-widget_type=\"text-editor.default\">\n\t\t\t\t<div class=\"elementor-widget-container\">\n\t\t\t\t\t\t\t\t\t<ul><li>Aucun rev\u00eatement n&rsquo;est n\u00e9cessaire \u2192 \u00e9conomies consid\u00e9rables sur les co\u00fbts de mise en cale s\u00e8che et de mat\u00e9riel.<\/li><li>R\u00e9duction de la consommation de carburant gr\u00e2ce \u00e0 une surface lisse en permanence.<\/li><li>Co\u00fbt total de possession inf\u00e9rieur \u00e0 celui des syst\u00e8mes antisalissures ou antisalissures conventionnels.<\/li><\/ul>\t\t\t\t\t\t\t\t<\/div>\n\t\t\t\t<\/div>\n\t\t\t\t<div class=\"elementor-element elementor-element-442b0a9 elementor-widget elementor-widget-heading\" data-id=\"442b0a9\" data-element_type=\"widget\" data-e-type=\"widget\" data-widget_type=\"heading.default\">\n\t\t\t\t<div class=\"elementor-widget-container\">\n\t\t\t\t\t<h4 class=\"elementor-heading-title elementor-size-default\">Choix environnemental<\/h4>\t\t\t\t<\/div>\n\t\t\t\t<\/div>\n\t\t\t\t<div class=\"elementor-element elementor-element-cf4a72f elementor-widget elementor-widget-text-editor\" data-id=\"cf4a72f\" data-element_type=\"widget\" data-e-type=\"widget\" data-widget_type=\"text-editor.default\">\n\t\t\t\t<div class=\"elementor-widget-container\">\n\t\t\t\t\t\t\t\t\t<ul>\n<li>\nSans cuivre, ni zinc, ni \u00e9tain, ni biocides.\n<\/li>\n<li>\nPas de COV nocifs.\n<\/li>\n<li>\nPas d&rsquo;impact n\u00e9gatif sur la vie marine.\n<\/li>\n<li>\nEmp\u00eache la propagation des esp\u00e8ces envahissantes.<\/li>\n<\/ul>\t\t\t\t\t\t\t\t<\/div>\n\t\t\t\t<\/div>\n\t\t\t\t<\/div>\n\t\t\t\t<div class=\"elementor-element elementor-element-72789be elementor-align-center elementor-widget__width-inherit elementor-invisible elementor-widget elementor-widget-button\" data-id=\"72789be\" data-element_type=\"widget\" data-e-type=\"widget\" data-settings=\"{&quot;_animation&quot;:&quot;fadeInDown&quot;}\" data-widget_type=\"button.default\">\n\t\t\t\t<div class=\"elementor-widget-container\">\n\t\t\t\t\t\t\t\t\t<div class=\"elementor-button-wrapper\">\n\t\t\t\t\t<a class=\"elementor-button elementor-button-link elementor-size-sm\" href=\"https:\/\/rubecorubber.com\/fr\/contactez-nous\/\">\n\t\t\t\t\t\t<span class=\"elementor-button-content-wrapper\">\n\t\t\t\t\t\t\t\t\t<span class=\"elementor-button-text\">Demande de devis<\/span>\n\t\t\t\t\t<\/span>\n\t\t\t\t\t<\/a>\n\t\t\t\t<\/div>\n\t\t\t\t\t\t\t\t<\/div>\n\t\t\t\t<\/div>\n\t\t\t\t\t<\/div>\n\t\t\t\t<\/div>\n\t\t\t\t<\/div>\n\t\t","protected":false},"excerpt":{"rendered":"<p>Usage maritime Syst\u00e8me de rev\u00eatement sous-marin Le caoutchouc liquide destin\u00e9 \u00e0 l&rsquo;usage maritime consiste en un rev\u00eatement dur, renforc\u00e9 par des flocons de verre, qui ne n\u00e9cessite ni appr\u00eat ni couche de finition. Il ne se d\u00e9grade pas et devient m\u00eame plus lisse gr\u00e2ce \u00e0 un nettoyage sous-marin r\u00e9gulier. Dure jusqu&rsquo;\u00e0 25 ans sans recouvrement, [&hellip;]<\/p>\n","protected":false},"author":1,"featured_media":0,"parent":971,"menu_order":0,"comment_status":"closed","ping_status":"closed","template":"","meta":{"footnotes":""},"class_list":["post-1168","page","type-page","status-publish","hentry"],"_links":{"self":[{"href":"https:\/\/rubecorubber.com\/fr\/wp-json\/wp\/v2\/pages\/1168","targetHints":{"allow":["GET"]}}],"collection":[{"href":"https:\/\/rubecorubber.com\/fr\/wp-json\/wp\/v2\/pages"}],"about":[{"href":"https:\/\/rubecorubber.com\/fr\/wp-json\/wp\/v2\/types\/page"}],"author":[{"embeddable":true,"href":"https:\/\/rubecorubber.com\/fr\/wp-json\/wp\/v2\/users\/1"}],"replies":[{"embeddable":true,"href":"https:\/\/rubecorubber.com\/fr\/wp-json\/wp\/v2\/comments?post=1168"}],"version-history":[{"count":1,"href":"https:\/\/rubecorubber.com\/fr\/wp-json\/wp\/v2\/pages\/1168\/revisions"}],"predecessor-version":[{"id":1169,"href":"https:\/\/rubecorubber.com\/fr\/wp-json\/wp\/v2\/pages\/1168\/revisions\/1169"}],"up":[{"embeddable":true,"href":"https:\/\/rubecorubber.com\/fr\/wp-json\/wp\/v2\/pages\/971"}],"wp:attachment":[{"href":"https:\/\/rubecorubber.com\/fr\/wp-json\/wp\/v2\/media?parent=1168"}],"curies":[{"name":"wp","href":"https:\/\/api.w.org\/{rel}","templated":true}]}}