{"id":1166,"date":"2025-04-24T12:30:17","date_gmt":"2025-04-24T12:30:17","guid":{"rendered":"https:\/\/rubecorubber.com\/applications\/caoutchouc-lumineux\/"},"modified":"2025-04-24T19:06:24","modified_gmt":"2025-04-24T19:06:24","slug":"caoutchouc-lumineux","status":"publish","type":"page","link":"https:\/\/rubecorubber.com\/fr\/applications\/caoutchouc-lumineux\/","title":{"rendered":"Caoutchouc lumineux"},"content":{"rendered":"\t\t<div data-elementor-type=\"wp-page\" data-elementor-id=\"1166\" class=\"elementor elementor-1166 elementor-1068\">\n\t\t\t\t<div class=\"elementor-element elementor-element-44662a4 e-flex e-con-boxed e-con e-parent\" data-id=\"44662a4\" data-element_type=\"container\" data-e-type=\"container\" data-settings=\"{&quot;background_background&quot;:&quot;classic&quot;}\">\n\t\t\t\t\t<div class=\"e-con-inner\">\n\t\t<div class=\"elementor-element elementor-element-109e667 e-con-full e-flex e-con e-child\" data-id=\"109e667\" data-element_type=\"container\" data-e-type=\"container\">\n\t\t\t\t<div class=\"elementor-element elementor-element-10d8448 elementor-invisible elementor-widget elementor-widget-heading\" data-id=\"10d8448\" data-element_type=\"widget\" data-e-type=\"widget\" data-settings=\"{&quot;_animation&quot;:&quot;fadeIn&quot;}\" data-widget_type=\"heading.default\">\n\t\t\t\t<div class=\"elementor-widget-container\">\n\t\t\t\t\t<h1 class=\"elementor-heading-title elementor-size-default\">Le caoutchouc lumineux<\/h1>\t\t\t\t<\/div>\n\t\t\t\t<\/div>\n\t\t\t\t<\/div>\n\t\t\t\t\t<\/div>\n\t\t\t\t<\/div>\n\t\t<div class=\"elementor-element elementor-element-62e5ac8 e-flex e-con-boxed e-con e-parent\" data-id=\"62e5ac8\" data-element_type=\"container\" data-e-type=\"container\">\n\t\t\t\t\t<div class=\"e-con-inner\">\n\t\t<div class=\"elementor-element elementor-element-17b68c8 e-con-full e-flex e-con e-child\" data-id=\"17b68c8\" data-element_type=\"container\" data-e-type=\"container\">\n\t\t\t\t<div class=\"elementor-element elementor-element-3b92129 elementor-widget-tablet__width-initial elementor-widget-mobile__width-inherit elementor-widget__width-initial elementor-position-top elementor-widget elementor-widget-image-box\" data-id=\"3b92129\" data-element_type=\"widget\" data-e-type=\"widget\" data-widget_type=\"image-box.default\">\n\t\t\t\t<div class=\"elementor-widget-container\">\n\t\t\t\t\t<div class=\"elementor-image-box-wrapper\"><figure class=\"elementor-image-box-img\"><img fetchpriority=\"high\" decoding=\"async\" width=\"900\" height=\"600\" src=\"https:\/\/rubecorubber.com\/wp-content\/uploads\/2025\/04\/page9-1051-full-e1745502518740.jpg\" class=\"elementor-animation-grow attachment-full size-full wp-image-1081\" alt=\"\" srcset=\"https:\/\/rubecorubber.com\/wp-content\/uploads\/2025\/04\/page9-1051-full-e1745502518740.jpg 900w, https:\/\/rubecorubber.com\/wp-content\/uploads\/2025\/04\/page9-1051-full-e1745502518740-300x200.jpg 300w, https:\/\/rubecorubber.com\/wp-content\/uploads\/2025\/04\/page9-1051-full-e1745502518740-768x512.jpg 768w\" sizes=\"(max-width: 900px) 100vw, 900px\" \/><\/figure><div class=\"elementor-image-box-content\"><h4 class=\"elementor-image-box-title\">Lumineux dans l'obscurit\u00e9<\/h4><p class=\"elementor-image-box-description\">Nous fournissons des produits photoluminescents (phosphorescents) \u00e0 partir de 200 mcd. jusqu'\u00e0 1500 mcd. rendant nos produits perceptibles tout au long de la nuit.<\/p><\/div><\/div>\t\t\t\t<\/div>\n\t\t\t\t<\/div>\n\t\t\t\t<div class=\"elementor-element elementor-element-ed24958 elementor-widget-tablet__width-initial elementor-widget-mobile__width-inherit elementor-widget__width-initial elementor-position-top elementor-widget elementor-widget-image-box\" data-id=\"ed24958\" data-element_type=\"widget\" data-e-type=\"widget\" data-widget_type=\"image-box.default\">\n\t\t\t\t<div class=\"elementor-widget-container\">\n\t\t\t\t\t<div class=\"elementor-image-box-wrapper\"><figure class=\"elementor-image-box-img\"><img decoding=\"async\" width=\"900\" height=\"600\" src=\"https:\/\/rubecorubber.com\/wp-content\/uploads\/2025\/04\/page9-1006-full-e1745502533279.jpg\" class=\"elementor-animation-grow attachment-full size-full wp-image-1085\" alt=\"\" srcset=\"https:\/\/rubecorubber.com\/wp-content\/uploads\/2025\/04\/page9-1006-full-e1745502533279.jpg 900w, https:\/\/rubecorubber.com\/wp-content\/uploads\/2025\/04\/page9-1006-full-e1745502533279-300x200.jpg 300w, https:\/\/rubecorubber.com\/wp-content\/uploads\/2025\/04\/page9-1006-full-e1745502533279-768x512.jpg 768w\" sizes=\"(max-width: 900px) 100vw, 900px\" \/><\/figure><div class=\"elementor-image-box-content\"><h4 class=\"elementor-image-box-title\">Applications<\/h4><p class=\"elementor-image-box-description\">Le caoutchouc lumineux est id\u00e9al pour le marquage des voies d'\u00e9vacuation, la visibilit\u00e9 des obstacles ou des interrupteurs, la signalisation, les pictogrammes et le lettrage ou les logos (\u00e9galement sur les textiles).  <\/p><\/div><\/div>\t\t\t\t<\/div>\n\t\t\t\t<\/div>\n\t\t\t\t<\/div>\n\t\t<div class=\"elementor-element elementor-element-997fb49 e-con-full e-flex e-con e-child\" data-id=\"997fb49\" data-element_type=\"container\" data-e-type=\"container\">\n\t\t\t\t<div class=\"elementor-element elementor-element-ce866d7 elementor-widget-tablet__width-initial elementor-widget-mobile__width-inherit elementor-widget__width-initial elementor-position-top elementor-widget elementor-widget-image-box\" data-id=\"ce866d7\" data-element_type=\"widget\" data-e-type=\"widget\" data-widget_type=\"image-box.default\">\n\t\t\t\t<div class=\"elementor-widget-container\">\n\t\t\t\t\t<div class=\"elementor-image-box-wrapper\"><figure class=\"elementor-image-box-img\"><img decoding=\"async\" width=\"900\" height=\"601\" src=\"https:\/\/rubecorubber.com\/wp-content\/uploads\/2025\/04\/page9-1043-full-e1745502583902.jpg\" class=\"elementor-animation-grow attachment-full size-full wp-image-1089\" alt=\"\" srcset=\"https:\/\/rubecorubber.com\/wp-content\/uploads\/2025\/04\/page9-1043-full-e1745502583902.jpg 900w, https:\/\/rubecorubber.com\/wp-content\/uploads\/2025\/04\/page9-1043-full-e1745502583902-300x200.jpg 300w, https:\/\/rubecorubber.com\/wp-content\/uploads\/2025\/04\/page9-1043-full-e1745502583902-768x513.jpg 768w\" sizes=\"(max-width: 900px) 100vw, 900px\" \/><\/figure><div class=\"elementor-image-box-content\"><h4 class=\"elementor-image-box-title\">photoluminescence<\/h4><p class=\"elementor-image-box-description\">Les produits photoluminescents absorbent la lumi\u00e8re du jour et\/ou la lumi\u00e8re artificielle et sont r\u00e9manents lorsque l'environnement est assombri. En cas de coupure de courant soudaine, le mat\u00e9riel est imm\u00e9diatement tr\u00e8s visible, m\u00eame \u00e0 distance. Cela permet aux gens de se rep\u00e9rer et d'\u00e9vacuer efficacement.<\/p><\/div><\/div>\t\t\t\t<\/div>\n\t\t\t\t<\/div>\n\t\t\t\t<div class=\"elementor-element elementor-element-7dea585 elementor-widget-tablet__width-initial elementor-widget-mobile__width-inherit elementor-widget__width-initial elementor-position-top elementor-widget elementor-widget-image-box\" data-id=\"7dea585\" data-element_type=\"widget\" data-e-type=\"widget\" data-widget_type=\"image-box.default\">\n\t\t\t\t<div class=\"elementor-widget-container\">\n\t\t\t\t\t<div class=\"elementor-image-box-wrapper\"><figure class=\"elementor-image-box-img\"><img loading=\"lazy\" decoding=\"async\" width=\"675\" height=\"450\" src=\"https:\/\/rubecorubber.com\/wp-content\/uploads\/2025\/04\/page9-1113-full-e1745502649622.jpg\" class=\"elementor-animation-grow attachment-full size-full wp-image-1093\" alt=\"\" srcset=\"https:\/\/rubecorubber.com\/wp-content\/uploads\/2025\/04\/page9-1113-full-e1745502649622.jpg 675w, https:\/\/rubecorubber.com\/wp-content\/uploads\/2025\/04\/page9-1113-full-e1745502649622-300x200.jpg 300w\" sizes=\"(max-width: 675px) 100vw, 675px\" \/><\/figure><div class=\"elementor-image-box-content\"><h4 class=\"elementor-image-box-title\">100% fiable<\/h4><p class=\"elementor-image-box-description\">Le caoutchouc lumineux permet de r\u00e9aliser des \u00e9conomies d'\u00e9nergie, les produits photoluminescents ne d\u00e9pendant pas de l'\u00e9lectricit\u00e9, de piles ou d'accumulateurs. Aucun entretien n'est n\u00e9cessaire, le caoutchouc est non toxique et non radioactif. Lorsque l'on modifie un itin\u00e9raire d'\u00e9vacuation, il est facile de l'ajuster \u00e0 nouveau.<\/p><\/div><\/div>\t\t\t\t<\/div>\n\t\t\t\t<\/div>\n\t\t\t\t<\/div>\n\t\t\t\t<div class=\"elementor-element elementor-element-613d19a elementor-align-center elementor-widget__width-inherit elementor-invisible elementor-widget elementor-widget-button\" data-id=\"613d19a\" data-element_type=\"widget\" data-e-type=\"widget\" data-settings=\"{&quot;_animation&quot;:&quot;fadeInDown&quot;}\" data-widget_type=\"button.default\">\n\t\t\t\t<div class=\"elementor-widget-container\">\n\t\t\t\t\t\t\t\t\t<div class=\"elementor-button-wrapper\">\n\t\t\t\t\t<a class=\"elementor-button elementor-button-link elementor-size-sm\" href=\"https:\/\/rubecorubber.com\/fr\/contactez-nous\/\">\n\t\t\t\t\t\t<span class=\"elementor-button-content-wrapper\">\n\t\t\t\t\t\t\t\t\t<span class=\"elementor-button-text\">Demande de devis<\/span>\n\t\t\t\t\t<\/span>\n\t\t\t\t\t<\/a>\n\t\t\t\t<\/div>\n\t\t\t\t\t\t\t\t<\/div>\n\t\t\t\t<\/div>\n\t\t\t\t\t<\/div>\n\t\t\t\t<\/div>\n\t\t<div class=\"elementor-element elementor-element-b6c7c2a e-flex e-con-boxed e-con e-parent\" data-id=\"b6c7c2a\" data-element_type=\"container\" data-e-type=\"container\">\n\t\t\t\t\t<div class=\"e-con-inner\">\n\t\t\t\t\t<\/div>\n\t\t\t\t<\/div>\n\t\t\t\t<\/div>\n\t\t","protected":false},"excerpt":{"rendered":"<p>Le caoutchouc lumineux Lumineux dans l&rsquo;obscurit\u00e9 Nous fournissons des produits photoluminescents (phosphorescents) \u00e0 partir de 200 mcd. jusqu&rsquo;\u00e0 1500 mcd. rendant nos produits perceptibles tout au long de la nuit. Applications Le caoutchouc lumineux est id\u00e9al pour le marquage des voies d&rsquo;\u00e9vacuation, la visibilit\u00e9 des obstacles ou des interrupteurs, la signalisation, les pictogrammes et le [&hellip;]<\/p>\n","protected":false},"author":1,"featured_media":0,"parent":971,"menu_order":0,"comment_status":"closed","ping_status":"closed","template":"","meta":{"footnotes":""},"class_list":["post-1166","page","type-page","status-publish","hentry"],"_links":{"self":[{"href":"https:\/\/rubecorubber.com\/fr\/wp-json\/wp\/v2\/pages\/1166","targetHints":{"allow":["GET"]}}],"collection":[{"href":"https:\/\/rubecorubber.com\/fr\/wp-json\/wp\/v2\/pages"}],"about":[{"href":"https:\/\/rubecorubber.com\/fr\/wp-json\/wp\/v2\/types\/page"}],"author":[{"embeddable":true,"href":"https:\/\/rubecorubber.com\/fr\/wp-json\/wp\/v2\/users\/1"}],"replies":[{"embeddable":true,"href":"https:\/\/rubecorubber.com\/fr\/wp-json\/wp\/v2\/comments?post=1166"}],"version-history":[{"count":1,"href":"https:\/\/rubecorubber.com\/fr\/wp-json\/wp\/v2\/pages\/1166\/revisions"}],"predecessor-version":[{"id":1167,"href":"https:\/\/rubecorubber.com\/fr\/wp-json\/wp\/v2\/pages\/1166\/revisions\/1167"}],"up":[{"embeddable":true,"href":"https:\/\/rubecorubber.com\/fr\/wp-json\/wp\/v2\/pages\/971"}],"wp:attachment":[{"href":"https:\/\/rubecorubber.com\/fr\/wp-json\/wp\/v2\/media?parent=1166"}],"curies":[{"name":"wp","href":"https:\/\/api.w.org\/{rel}","templated":true}]}}