{"id":967,"date":"2024-04-15T08:36:16","date_gmt":"2024-04-15T08:36:16","guid":{"rendered":"https:\/\/rubecorubber.com\/aplicaciones\/tejados\/"},"modified":"2025-02-27T17:01:00","modified_gmt":"2025-02-27T17:01:00","slug":"tejados","status":"publish","type":"page","link":"https:\/\/rubecorubber.com\/es\/aplicaciones\/tejados\/","title":{"rendered":"Tejados"},"content":{"rendered":"\t\t<div data-elementor-type=\"wp-page\" data-elementor-id=\"967\" class=\"elementor elementor-967 elementor-2\">\n\t\t\t\t<div class=\"elementor-element elementor-element-645746f e-flex e-con-boxed e-con e-parent\" data-id=\"645746f\" data-element_type=\"container\" data-e-type=\"container\" data-settings=\"{&quot;background_background&quot;:&quot;classic&quot;}\">\n\t\t\t\t\t<div class=\"e-con-inner\">\n\t\t<div class=\"elementor-element elementor-element-9402e34 e-con-full e-flex e-con e-child\" data-id=\"9402e34\" data-element_type=\"container\" data-e-type=\"container\">\n\t\t\t\t<div class=\"elementor-element elementor-element-5fa0515 elementor-invisible elementor-widget elementor-widget-heading\" data-id=\"5fa0515\" data-element_type=\"widget\" data-e-type=\"widget\" data-settings=\"{&quot;_animation&quot;:&quot;fadeIn&quot;}\" data-widget_type=\"heading.default\">\n\t\t\t\t<div class=\"elementor-widget-container\">\n\t\t\t\t\t<h1 class=\"elementor-heading-title elementor-size-default\">Tejados<\/h1>\t\t\t\t<\/div>\n\t\t\t\t<\/div>\n\t\t\t\t<\/div>\n\t\t\t\t\t<\/div>\n\t\t\t\t<\/div>\n\t\t<div class=\"elementor-element elementor-element-2aa70aa e-flex e-con-boxed e-con e-parent\" data-id=\"2aa70aa\" data-element_type=\"container\" data-e-type=\"container\">\n\t\t\t\t\t<div class=\"e-con-inner\">\n\t\t<div class=\"elementor-element elementor-element-8e66d79 e-con-full e-flex e-con e-child\" data-id=\"8e66d79\" data-element_type=\"container\" data-e-type=\"container\">\n\t\t\t\t<div class=\"elementor-element elementor-element-3825804 elementor-widget-tablet__width-initial elementor-widget-mobile__width-inherit elementor-widget__width-initial elementor-position-top elementor-widget elementor-widget-image-box\" data-id=\"3825804\" data-element_type=\"widget\" data-e-type=\"widget\" data-widget_type=\"image-box.default\">\n\t\t\t\t<div class=\"elementor-widget-container\">\n\t\t\t\t\t<div class=\"elementor-image-box-wrapper\"><figure class=\"elementor-image-box-img\"><img fetchpriority=\"high\" decoding=\"async\" width=\"1800\" height=\"1200\" src=\"https:\/\/rubecorubber.com\/wp-content\/uploads\/2024\/10\/Plat-dak-1800-x-x1200.jpg\" class=\"elementor-animation-grow attachment-full size-full wp-image-391\" alt=\"\" srcset=\"https:\/\/rubecorubber.com\/wp-content\/uploads\/2024\/10\/Plat-dak-1800-x-x1200.jpg 1800w, https:\/\/rubecorubber.com\/wp-content\/uploads\/2024\/10\/Plat-dak-1800-x-x1200-300x200.jpg 300w, https:\/\/rubecorubber.com\/wp-content\/uploads\/2024\/10\/Plat-dak-1800-x-x1200-1024x683.jpg 1024w, https:\/\/rubecorubber.com\/wp-content\/uploads\/2024\/10\/Plat-dak-1800-x-x1200-768x512.jpg 768w, https:\/\/rubecorubber.com\/wp-content\/uploads\/2024\/10\/Plat-dak-1800-x-x1200-1536x1024.jpg 1536w\" sizes=\"(max-width: 1800px) 100vw, 1800px\" \/><\/figure><div class=\"elementor-image-box-content\"><h4 class=\"elementor-image-box-title\">Tejados planos<\/h4><p class=\"elementor-image-box-description\">El caucho l\u00edquido es la opci\u00f3n ideal para cubiertas planas gracias a sus propiedades duraderas, seguras y respetuosas con el medio ambiente, perfectas tanto para viviendas nuevas como existentes. Ofrece una instalaci\u00f3n r\u00e1pida sin riesgo de incendio y minimiza los residuos, por lo que es una alternativa mejor que las cubiertas tradicionales, como las de tejado, bet\u00fan o EPDM.<\/p><\/div><\/div>\t\t\t\t<\/div>\n\t\t\t\t<\/div>\n\t\t\t\t<div class=\"elementor-element elementor-element-8a99d87 elementor-widget-tablet__width-initial elementor-widget-mobile__width-inherit elementor-widget__width-initial elementor-position-top elementor-widget elementor-widget-image-box\" data-id=\"8a99d87\" data-element_type=\"widget\" data-e-type=\"widget\" data-widget_type=\"image-box.default\">\n\t\t\t\t<div class=\"elementor-widget-container\">\n\t\t\t\t\t<div class=\"elementor-image-box-wrapper\"><figure class=\"elementor-image-box-img\"><img decoding=\"async\" width=\"1800\" height=\"1200\" src=\"https:\/\/rubecorubber.com\/wp-content\/uploads\/2024\/09\/Dakvenster-shutterstock_2490325671-v1.4-e1738856133399.png\" class=\"elementor-animation-grow attachment-full size-full wp-image-159\" alt=\"Velux dakraam\" srcset=\"https:\/\/rubecorubber.com\/wp-content\/uploads\/2024\/09\/Dakvenster-shutterstock_2490325671-v1.4-e1738856133399.png 1800w, https:\/\/rubecorubber.com\/wp-content\/uploads\/2024\/09\/Dakvenster-shutterstock_2490325671-v1.4-e1738856133399-300x200.png 300w, https:\/\/rubecorubber.com\/wp-content\/uploads\/2024\/09\/Dakvenster-shutterstock_2490325671-v1.4-e1738856133399-1024x683.png 1024w, https:\/\/rubecorubber.com\/wp-content\/uploads\/2024\/09\/Dakvenster-shutterstock_2490325671-v1.4-e1738856133399-768x512.png 768w, https:\/\/rubecorubber.com\/wp-content\/uploads\/2024\/09\/Dakvenster-shutterstock_2490325671-v1.4-e1738856133399-1536x1024.png 1536w\" sizes=\"(max-width: 1800px) 100vw, 1800px\" \/><\/figure><div class=\"elementor-image-box-content\"><h4 class=\"elementor-image-box-title\">Tejados inclinados<\/h4><p class=\"elementor-image-box-description\">El caucho l\u00edquido ofrece una soluci\u00f3n duradera e impermeable para las cubiertas inclinadas, prolonga su vida \u00fatil y evita las goteras sin riesgo de incendio. Es ideal para tejados de tejas viejas y tejados de amianto, donde proporciona una protecci\u00f3n flexible y un encapsulamiento seguro de las fibras sin trabajos de demolici\u00f3n.<\/p><\/div><\/div>\t\t\t\t<\/div>\n\t\t\t\t<\/div>\n\t\t\t\t<\/div>\n\t\t<div class=\"elementor-element elementor-element-0ae608d e-con-full e-flex e-con e-child\" data-id=\"0ae608d\" data-element_type=\"container\" data-e-type=\"container\">\n\t\t\t\t<div class=\"elementor-element elementor-element-93398ce elementor-widget-tablet__width-initial elementor-widget-mobile__width-inherit elementor-widget__width-initial elementor-position-top elementor-widget elementor-widget-image-box\" data-id=\"93398ce\" data-element_type=\"widget\" data-e-type=\"widget\" data-widget_type=\"image-box.default\">\n\t\t\t\t<div class=\"elementor-widget-container\">\n\t\t\t\t\t<div class=\"elementor-image-box-wrapper\"><figure class=\"elementor-image-box-img\"><img decoding=\"async\" width=\"1800\" height=\"1201\" src=\"https:\/\/rubecorubber.com\/wp-content\/uploads\/2024\/04\/joshua-sukoff-TmNNde-SdZE-unsplash.jpg\" class=\"elementor-animation-grow attachment-full size-full wp-image-60\" alt=\"\" srcset=\"https:\/\/rubecorubber.com\/wp-content\/uploads\/2024\/04\/joshua-sukoff-TmNNde-SdZE-unsplash.jpg 1800w, https:\/\/rubecorubber.com\/wp-content\/uploads\/2024\/04\/joshua-sukoff-TmNNde-SdZE-unsplash-300x200.jpg 300w, https:\/\/rubecorubber.com\/wp-content\/uploads\/2024\/04\/joshua-sukoff-TmNNde-SdZE-unsplash-1024x683.jpg 1024w, https:\/\/rubecorubber.com\/wp-content\/uploads\/2024\/04\/joshua-sukoff-TmNNde-SdZE-unsplash-768x512.jpg 768w, https:\/\/rubecorubber.com\/wp-content\/uploads\/2024\/04\/joshua-sukoff-TmNNde-SdZE-unsplash-1536x1025.jpg 1536w\" sizes=\"(max-width: 1800px) 100vw, 1800px\" \/><\/figure><div class=\"elementor-image-box-content\"><h4 class=\"elementor-image-box-title\">Tejados industriales<\/h4><p class=\"elementor-image-box-description\">El caucho l\u00edquido ofrece una soluci\u00f3n sin juntas, flexible e impermeable para cubiertas industriales, es m\u00e1s r\u00e1pido de instalar, rentable, respetuoso con el medio ambiente y m\u00e1s seguro que los materiales tradicionales, como el bet\u00fan, el tejado y el EPDM.<\/p><\/div><\/div>\t\t\t\t<\/div>\n\t\t\t\t<\/div>\n\t\t\t\t<div class=\"elementor-element elementor-element-6f4193e elementor-widget-tablet__width-initial elementor-widget-mobile__width-inherit elementor-widget__width-initial elementor-position-top elementor-widget elementor-widget-image-box\" data-id=\"6f4193e\" data-element_type=\"widget\" data-e-type=\"widget\" data-widget_type=\"image-box.default\">\n\t\t\t\t<div class=\"elementor-widget-container\">\n\t\t\t\t\t<div class=\"elementor-image-box-wrapper\"><figure class=\"elementor-image-box-img\"><img loading=\"lazy\" decoding=\"async\" width=\"1800\" height=\"1200\" src=\"https:\/\/rubecorubber.com\/wp-content\/uploads\/2024\/10\/20171103_111414-1_1800-x1200.jpg\" class=\"elementor-animation-grow attachment-full size-full wp-image-345\" alt=\"\" srcset=\"https:\/\/rubecorubber.com\/wp-content\/uploads\/2024\/10\/20171103_111414-1_1800-x1200.jpg 1800w, https:\/\/rubecorubber.com\/wp-content\/uploads\/2024\/10\/20171103_111414-1_1800-x1200-300x200.jpg 300w, https:\/\/rubecorubber.com\/wp-content\/uploads\/2024\/10\/20171103_111414-1_1800-x1200-1024x683.jpg 1024w, https:\/\/rubecorubber.com\/wp-content\/uploads\/2024\/10\/20171103_111414-1_1800-x1200-768x512.jpg 768w, https:\/\/rubecorubber.com\/wp-content\/uploads\/2024\/10\/20171103_111414-1_1800-x1200-1536x1024.jpg 1536w\" sizes=\"(max-width: 1800px) 100vw, 1800px\" \/><\/figure><div class=\"elementor-image-box-content\"><h4 class=\"elementor-image-box-title\">Renovaci\u00f3n y reparaciones<\/h4><p class=\"elementor-image-box-description\">El caucho l\u00edquido es la soluci\u00f3n ideal para los tejados de amianto y la renovaci\u00f3n de tejados. Encapsula las fibras nocivas, crea una capa flexible e impermeable y prolonga la vida de las cubiertas. Con una adherencia y durabilidad excelentes, es una elecci\u00f3n segura y rentable. \u00a1Invierte en caucho l\u00edquido para un techo sin preocupaciones!<\/p><\/div><\/div>\t\t\t\t<\/div>\n\t\t\t\t<\/div>\n\t\t\t\t<\/div>\n\t\t\t\t<div class=\"elementor-element elementor-element-b3a949a elementor-align-center elementor-widget__width-inherit elementor-invisible elementor-widget elementor-widget-button\" data-id=\"b3a949a\" data-element_type=\"widget\" data-e-type=\"widget\" data-settings=\"{&quot;_animation&quot;:&quot;fadeInDown&quot;}\" data-widget_type=\"button.default\">\n\t\t\t\t<div class=\"elementor-widget-container\">\n\t\t\t\t\t\t\t\t\t<div class=\"elementor-button-wrapper\">\n\t\t\t\t\t<a class=\"elementor-button elementor-button-link elementor-size-sm\" href=\"https:\/\/rubecorubber.com\/es\/contacta-con-nosotros\/\">\n\t\t\t\t\t\t<span class=\"elementor-button-content-wrapper\">\n\t\t\t\t\t\t\t\t\t<span class=\"elementor-button-text\">Pide un presupuesto<\/span>\n\t\t\t\t\t<\/span>\n\t\t\t\t\t<\/a>\n\t\t\t\t<\/div>\n\t\t\t\t\t\t\t\t<\/div>\n\t\t\t\t<\/div>\n\t\t\t\t\t<\/div>\n\t\t\t\t<\/div>\n\t\t<div class=\"elementor-element elementor-element-bdac297 e-flex e-con-boxed e-con e-parent\" data-id=\"bdac297\" data-element_type=\"container\" data-e-type=\"container\">\n\t\t\t\t\t<div class=\"e-con-inner\">\n\t\t\t\t\t<\/div>\n\t\t\t\t<\/div>\n\t\t\t\t<\/div>\n\t\t","protected":false},"excerpt":{"rendered":"<p>Tejados Tejados planos El caucho l\u00edquido es la opci\u00f3n ideal para cubiertas planas gracias a sus propiedades duraderas, seguras y respetuosas con el medio ambiente, perfectas tanto para viviendas nuevas como existentes. Ofrece una instalaci\u00f3n r\u00e1pida sin riesgo de incendio y minimiza los residuos, por lo que es una alternativa mejor que las cubiertas tradicionales, [&hellip;]<\/p>\n","protected":false},"author":1,"featured_media":0,"parent":965,"menu_order":0,"comment_status":"closed","ping_status":"closed","template":"","meta":{"footnotes":""},"class_list":["post-967","page","type-page","status-publish","hentry"],"_links":{"self":[{"href":"https:\/\/rubecorubber.com\/es\/wp-json\/wp\/v2\/pages\/967","targetHints":{"allow":["GET"]}}],"collection":[{"href":"https:\/\/rubecorubber.com\/es\/wp-json\/wp\/v2\/pages"}],"about":[{"href":"https:\/\/rubecorubber.com\/es\/wp-json\/wp\/v2\/types\/page"}],"author":[{"embeddable":true,"href":"https:\/\/rubecorubber.com\/es\/wp-json\/wp\/v2\/users\/1"}],"replies":[{"embeddable":true,"href":"https:\/\/rubecorubber.com\/es\/wp-json\/wp\/v2\/comments?post=967"}],"version-history":[{"count":4,"href":"https:\/\/rubecorubber.com\/es\/wp-json\/wp\/v2\/pages\/967\/revisions"}],"predecessor-version":[{"id":1046,"href":"https:\/\/rubecorubber.com\/es\/wp-json\/wp\/v2\/pages\/967\/revisions\/1046"}],"up":[{"embeddable":true,"href":"https:\/\/rubecorubber.com\/es\/wp-json\/wp\/v2\/pages\/965"}],"wp:attachment":[{"href":"https:\/\/rubecorubber.com\/es\/wp-json\/wp\/v2\/media?parent=967"}],"curies":[{"name":"wp","href":"https:\/\/api.w.org\/{rel}","templated":true}]}}