{"id":953,"date":"2024-10-27T10:19:11","date_gmt":"2024-10-27T10:19:11","guid":{"rendered":"https:\/\/rubecorubber.com\/nuestro-producto\/"},"modified":"2025-04-24T19:26:16","modified_gmt":"2025-04-24T19:26:16","slug":"nuestro-producto","status":"publish","type":"page","link":"https:\/\/rubecorubber.com\/es\/nuestro-producto\/","title":{"rendered":"Nuestro producto"},"content":{"rendered":"\t\t<div data-elementor-type=\"wp-page\" data-elementor-id=\"953\" class=\"elementor elementor-953 elementor-539\">\n\t\t\t\t<div class=\"elementor-element elementor-element-8bb3771 e-flex e-con-boxed e-con e-parent\" data-id=\"8bb3771\" data-element_type=\"container\" data-e-type=\"container\" data-settings=\"{&quot;background_background&quot;:&quot;classic&quot;}\">\n\t\t\t\t\t<div class=\"e-con-inner\">\n\t\t<div class=\"elementor-element elementor-element-cd1b9af e-con-full e-flex e-con e-child\" data-id=\"cd1b9af\" data-element_type=\"container\" data-e-type=\"container\">\n\t\t\t\t<div class=\"elementor-element elementor-element-06d4448 elementor-invisible elementor-widget elementor-widget-heading\" data-id=\"06d4448\" data-element_type=\"widget\" data-e-type=\"widget\" data-settings=\"{&quot;_animation&quot;:&quot;fadeIn&quot;}\" data-widget_type=\"heading.default\">\n\t\t\t\t<div class=\"elementor-widget-container\">\n\t\t\t\t\t<h1 class=\"elementor-heading-title elementor-size-default\">Ventajas de la goma l\u00edquida<br><\/h1>\t\t\t\t<\/div>\n\t\t\t\t<\/div>\n\t\t\t\t<\/div>\n\t\t\t\t\t<\/div>\n\t\t\t\t<\/div>\n\t\t<div class=\"elementor-element elementor-element-7c354ac e-con-full e-flex e-con e-child\" data-id=\"7c354ac\" data-element_type=\"container\" data-e-type=\"container\">\n\t\t\t\t<div class=\"elementor-element elementor-element-589b9a6 elementor-widget elementor-widget-video\" data-id=\"589b9a6\" data-element_type=\"widget\" data-e-type=\"widget\" data-settings=\"{&quot;video_type&quot;:&quot;hosted&quot;,&quot;mute&quot;:&quot;yes&quot;,&quot;loop&quot;:&quot;yes&quot;,&quot;controls&quot;:&quot;yes&quot;}\" data-widget_type=\"video.default\">\n\t\t\t\t<div class=\"elementor-widget-container\">\n\t\t\t\t\t\t\t<div class=\"e-hosted-video elementor-wrapper elementor-open-inline\">\n\t\t\t\t\t<video class=\"elementor-video\" src=\"http:\/\/rubecorubber.com\/wp-content\/uploads\/2025\/04\/WhatsApp-Video-2025-02-06-at-13.59.25-1.mp4\" loop=\"\" controls=\"\" preload=\"metadata\" muted=\"muted\"><\/video>\n\t\t\t\t<\/div>\n\t\t\t\t\t\t<\/div>\n\t\t\t\t<\/div>\n\t\t\t\t<\/div>\n\t\t<div class=\"elementor-element elementor-element-4ee1de9 e-con-full e-flex e-con e-child\" data-id=\"4ee1de9\" data-element_type=\"container\" data-e-type=\"container\">\n\t\t<div class=\"elementor-element elementor-element-81ba70f e-con-full e-flex e-con e-child\" data-id=\"81ba70f\" data-element_type=\"container\" data-e-type=\"container\" data-settings=\"{&quot;background_background&quot;:&quot;classic&quot;}\">\n\t\t\t\t<div class=\"elementor-element elementor-element-6927df4 elementor-widget elementor-widget-heading\" data-id=\"6927df4\" data-element_type=\"widget\" data-e-type=\"widget\" data-widget_type=\"heading.default\">\n\t\t\t\t<div class=\"elementor-widget-container\">\n\t\t\t\t\t<h4 class=\"elementor-heading-title elementor-size-default\">Respetuoso con el medio ambiente<\/h4>\t\t\t\t<\/div>\n\t\t\t\t<\/div>\n\t\t\t\t<div class=\"elementor-element elementor-element-bac648a elementor-widget elementor-widget-image\" data-id=\"bac648a\" data-element_type=\"widget\" data-e-type=\"widget\" data-widget_type=\"image.default\">\n\t\t\t\t<div class=\"elementor-widget-container\">\n\t\t\t\t\t\t\t\t\t\t\t\t\t\t\t<img fetchpriority=\"high\" decoding=\"async\" width=\"300\" height=\"169\" src=\"https:\/\/rubecorubber.com\/wp-content\/uploads\/2025\/02\/\u2014Pngtree\u2014green-eco-friendly-logo-symbol_8475767-300x169.png\" class=\"attachment-medium size-medium wp-image-643\" alt=\"\" srcset=\"https:\/\/rubecorubber.com\/wp-content\/uploads\/2025\/02\/\u2014Pngtree\u2014green-eco-friendly-logo-symbol_8475767-300x169.png 300w, https:\/\/rubecorubber.com\/wp-content\/uploads\/2025\/02\/\u2014Pngtree\u2014green-eco-friendly-logo-symbol_8475767-1024x576.png 1024w, https:\/\/rubecorubber.com\/wp-content\/uploads\/2025\/02\/\u2014Pngtree\u2014green-eco-friendly-logo-symbol_8475767-768x432.png 768w, https:\/\/rubecorubber.com\/wp-content\/uploads\/2025\/02\/\u2014Pngtree\u2014green-eco-friendly-logo-symbol_8475767-1536x864.png 1536w, https:\/\/rubecorubber.com\/wp-content\/uploads\/2025\/02\/\u2014Pngtree\u2014green-eco-friendly-logo-symbol_8475767-2048x1152.png 2048w\" sizes=\"(max-width: 300px) 100vw, 300px\" \/>\t\t\t\t\t\t\t\t\t\t\t\t\t\t\t<\/div>\n\t\t\t\t<\/div>\n\t\t\t\t<div class=\"elementor-element elementor-element-732a3f4 elementor-widget-divider--view-line elementor-widget elementor-widget-divider\" data-id=\"732a3f4\" data-element_type=\"widget\" data-e-type=\"widget\" data-widget_type=\"divider.default\">\n\t\t\t\t<div class=\"elementor-widget-container\">\n\t\t\t\t\t\t\t<div class=\"elementor-divider\">\n\t\t\t<span class=\"elementor-divider-separator\">\n\t\t\t\t\t\t<\/span>\n\t\t<\/div>\n\t\t\t\t\t\t<\/div>\n\t\t\t\t<\/div>\n\t\t\t\t<div class=\"elementor-element elementor-element-5dbd052 elementor-widget elementor-widget-text-editor\" data-id=\"5dbd052\" data-element_type=\"widget\" data-e-type=\"widget\" data-widget_type=\"text-editor.default\">\n\t\t\t\t<div class=\"elementor-widget-container\">\n\t\t\t\t\t\t\t\t\t<div class=\"flex-shrink-0 flex flex-col relative items-end\"><div class=\"pt-0\"><div class=\"gizmo-bot-avatar flex h-8 w-8 items-center justify-center overflow-hidden rounded-full\"><div class=\"relative p-1 rounded-sm flex items-center justify-center bg-token-main-surface-primary text-token-text-primary h-8 w-8\">Muchos productos de caucho l\u00edquido son de base acuosa y no contienen productos qu\u00edmicos ni disolventes nocivos (COV), lo que reduce su impacto en el medio ambiente. Esto es importante para aplicaciones como los citernes que almacenan agua potable, ya que evita que entren sustancias nocivas en el agua<\/div><\/div><\/div><\/div>\t\t\t\t\t\t\t\t<\/div>\n\t\t\t\t<\/div>\n\t\t\t\t<\/div>\n\t\t<div class=\"elementor-element elementor-element-f71e57b e-con-full e-flex e-con e-child\" data-id=\"f71e57b\" data-element_type=\"container\" data-e-type=\"container\" data-settings=\"{&quot;background_background&quot;:&quot;classic&quot;}\">\n\t\t\t\t<div class=\"elementor-element elementor-element-84311c5 elementor-widget elementor-widget-heading\" data-id=\"84311c5\" data-element_type=\"widget\" data-e-type=\"widget\" data-widget_type=\"heading.default\">\n\t\t\t\t<div class=\"elementor-widget-container\">\n\t\t\t\t\t<h4 class=\"elementor-heading-title elementor-size-default\">Inmediatamente impermeable<\/h4>\t\t\t\t<\/div>\n\t\t\t\t<\/div>\n\t\t\t\t<div class=\"elementor-element elementor-element-1ccee6d elementor-widget-divider--view-line elementor-widget elementor-widget-divider\" data-id=\"1ccee6d\" data-element_type=\"widget\" data-e-type=\"widget\" data-widget_type=\"divider.default\">\n\t\t\t\t<div class=\"elementor-widget-container\">\n\t\t\t\t\t\t\t<div class=\"elementor-divider\">\n\t\t\t<span class=\"elementor-divider-separator\">\n\t\t\t\t\t\t<\/span>\n\t\t<\/div>\n\t\t\t\t\t\t<\/div>\n\t\t\t\t<\/div>\n\t\t\t\t<div class=\"elementor-element elementor-element-5f371b8 elementor-widget elementor-widget-text-editor\" data-id=\"5f371b8\" data-element_type=\"widget\" data-e-type=\"widget\" data-widget_type=\"text-editor.default\">\n\t\t\t\t<div class=\"elementor-widget-container\">\n\t\t\t\t\t\t\t\t\tEl caucho l\u00edquido forma una capa sin costuras, flexible y duradera, completamente impermeable. Esto impide la infiltraci\u00f3n de agua y protege contra las fugas, incluso en zonas cr\u00edticas como costuras, esquinas y grietas, donde otros materiales suelen fallar.\t\t\t\t\t\t\t\t<\/div>\n\t\t\t\t<\/div>\n\t\t\t\t<div class=\"elementor-element elementor-element-31ea28e elementor-align-center elementor-widget__width-inherit elementor-invisible elementor-widget elementor-widget-button\" data-id=\"31ea28e\" data-element_type=\"widget\" data-e-type=\"widget\" data-settings=\"{&quot;_animation&quot;:&quot;fadeInDown&quot;}\" data-widget_type=\"button.default\">\n\t\t\t\t<div class=\"elementor-widget-container\">\n\t\t\t\t\t\t\t\t\t<div class=\"elementor-button-wrapper\">\n\t\t\t\t\t<a class=\"elementor-button elementor-button-link elementor-size-sm\" href=\"https:\/\/rubecorubber.com\/es\/aplicaciones\/\">\n\t\t\t\t\t\t<span class=\"elementor-button-content-wrapper\">\n\t\t\t\t\t\t\t\t\t<span class=\"elementor-button-text\">Ver todas las aplicaciones<\/span>\n\t\t\t\t\t<\/span>\n\t\t\t\t\t<\/a>\n\t\t\t\t<\/div>\n\t\t\t\t\t\t\t\t<\/div>\n\t\t\t\t<\/div>\n\t\t\t\t<\/div>\n\t\t\t\t<\/div>\n\t\t<div class=\"elementor-element elementor-element-bfa58e9 e-con-full e-flex e-con e-child\" data-id=\"bfa58e9\" data-element_type=\"container\" data-e-type=\"container\">\n\t\t<div class=\"elementor-element elementor-element-a216b6a e-con-full e-flex e-con e-child\" data-id=\"a216b6a\" data-element_type=\"container\" data-e-type=\"container\" data-settings=\"{&quot;background_background&quot;:&quot;classic&quot;}\">\n\t\t\t\t<div class=\"elementor-element elementor-element-2d3ffa6 elementor-widget elementor-widget-heading\" data-id=\"2d3ffa6\" data-element_type=\"widget\" data-e-type=\"widget\" data-widget_type=\"heading.default\">\n\t\t\t\t<div class=\"elementor-widget-container\">\n\t\t\t\t\t<h4 class=\"elementor-heading-title elementor-size-default\">Flexible y 800% el\u00e1stico<\/h4>\t\t\t\t<\/div>\n\t\t\t\t<\/div>\n\t\t\t\t<div class=\"elementor-element elementor-element-edcc2f1 elementor-widget-divider--view-line elementor-widget elementor-widget-divider\" data-id=\"edcc2f1\" data-element_type=\"widget\" data-e-type=\"widget\" data-widget_type=\"divider.default\">\n\t\t\t\t<div class=\"elementor-widget-container\">\n\t\t\t\t\t\t\t<div class=\"elementor-divider\">\n\t\t\t<span class=\"elementor-divider-separator\">\n\t\t\t\t\t\t<\/span>\n\t\t<\/div>\n\t\t\t\t\t\t<\/div>\n\t\t\t\t<\/div>\n\t\t\t\t<div class=\"elementor-element elementor-element-46147af elementor-widget elementor-widget-text-editor\" data-id=\"46147af\" data-element_type=\"widget\" data-e-type=\"widget\" data-widget_type=\"text-editor.default\">\n\t\t\t\t<div class=\"elementor-widget-container\">\n\t\t\t\t\t\t\t\t\t<div class=\"flex-shrink-0 flex flex-col relative items-end\"><div class=\"pt-0\"><div class=\"gizmo-bot-avatar flex h-8 w-8 items-center justify-center overflow-hidden rounded-full\"><div class=\"relative p-1 rounded-sm flex items-center justify-center bg-token-main-surface-primary text-token-text-primary h-8 w-8\">El caucho l\u00edquido es muy el\u00e1stico, lo que significa que puede estirarse y contraerse sin desgarrarse ni agrietarse. Esto es especialmente \u00fatil para los citernes, ya que las superficies de hormig\u00f3n y piedra pueden dilatarse o contraerse debido a los cambios de temperatura. La naturaleza el\u00e1stica del caucho l\u00edquido le permite moverse bien sin perder sus propiedades de estanqueidad.<\/div><\/div><\/div><\/div>\t\t\t\t\t\t\t\t<\/div>\n\t\t\t\t<\/div>\n\t\t\t\t<\/div>\n\t\t<div class=\"elementor-element elementor-element-2cd32b0 e-con-full e-flex e-con e-child\" data-id=\"2cd32b0\" data-element_type=\"container\" data-e-type=\"container\" data-settings=\"{&quot;background_background&quot;:&quot;classic&quot;}\">\n\t\t\t\t<\/div>\n\t\t\t\t<\/div>\n\t\t<div class=\"elementor-element elementor-element-a041b31 e-con-full e-flex e-con e-child\" data-id=\"a041b31\" data-element_type=\"container\" data-e-type=\"container\">\n\t\t<div class=\"elementor-element elementor-element-cffe7d4 e-con-full e-flex e-con e-child\" data-id=\"cffe7d4\" data-element_type=\"container\" data-e-type=\"container\" data-settings=\"{&quot;background_background&quot;:&quot;classic&quot;}\">\n\t\t\t\t<div class=\"elementor-element elementor-element-b87411a elementor-widget elementor-widget-heading\" data-id=\"b87411a\" data-element_type=\"widget\" data-e-type=\"widget\" data-widget_type=\"heading.default\">\n\t\t\t\t<div class=\"elementor-widget-container\">\n\t\t\t\t\t<h4 class=\"elementor-heading-title elementor-size-default\">F\u00e1cil aplicaci\u00f3n<br> y secado r\u00e1pido<\/h4>\t\t\t\t<\/div>\n\t\t\t\t<\/div>\n\t\t\t\t<div class=\"elementor-element elementor-element-5686794 elementor-widget-divider--view-line elementor-widget elementor-widget-divider\" data-id=\"5686794\" data-element_type=\"widget\" data-e-type=\"widget\" data-widget_type=\"divider.default\">\n\t\t\t\t<div class=\"elementor-widget-container\">\n\t\t\t\t\t\t\t<div class=\"elementor-divider\">\n\t\t\t<span class=\"elementor-divider-separator\">\n\t\t\t\t\t\t<\/span>\n\t\t<\/div>\n\t\t\t\t\t\t<\/div>\n\t\t\t\t<\/div>\n\t\t\t\t<div class=\"elementor-element elementor-element-9b21890 elementor-widget elementor-widget-text-editor\" data-id=\"9b21890\" data-element_type=\"widget\" data-e-type=\"widget\" data-widget_type=\"text-editor.default\">\n\t\t\t\t<div class=\"elementor-widget-container\">\n\t\t\t\t\t\t\t\t\t<div class=\"flex-shrink-0 flex flex-col relative items-end\"><div class=\"pt-0\"><div class=\"gizmo-bot-avatar flex h-8 w-8 items-center justify-center overflow-hidden rounded-full\"><div class=\"relative p-1 rounded-sm flex items-center justify-center bg-token-main-surface-primary text-token-text-primary h-8 w-8\"><p>La aplicaci\u00f3n del caucho l\u00edquido es relativamente f\u00e1cil, incluso en superficies irregulares. Se adhiere bien a casi todos los materiales de construcci\u00f3n, como hormig\u00f3n, acero y mamposter\u00eda, sin necesidad de un complicado procedimiento de instalaci\u00f3n.<\/p><p>Se seca r\u00e1pidamente y forma una capa impermeable y duradera, reduciendo el tiempo de espera para usar la cisterna en comparaci\u00f3n con otros materiales.<\/p><\/div><\/div><\/div><\/div>\t\t\t\t\t\t\t\t<\/div>\n\t\t\t\t<\/div>\n\t\t\t\t<\/div>\n\t\t\t\t<\/div>\n\t\t<div class=\"elementor-element elementor-element-c40ffcc e-con-full e-flex e-con e-child\" data-id=\"c40ffcc\" data-element_type=\"container\" data-e-type=\"container\">\n\t\t<div class=\"elementor-element elementor-element-04e79ea e-con-full e-flex e-con e-child\" data-id=\"04e79ea\" data-element_type=\"container\" data-e-type=\"container\" data-settings=\"{&quot;background_background&quot;:&quot;classic&quot;}\">\n\t\t\t\t<div class=\"elementor-element elementor-element-4fa5377 elementor-widget elementor-widget-heading\" data-id=\"4fa5377\" data-element_type=\"widget\" data-e-type=\"widget\" data-widget_type=\"heading.default\">\n\t\t\t\t<div class=\"elementor-widget-container\">\n\t\t\t\t\t<h4 class=\"elementor-heading-title elementor-size-default\">Aplicaci\u00f3n sin fisuras<\/h4>\t\t\t\t<\/div>\n\t\t\t\t<\/div>\n\t\t\t\t<div class=\"elementor-element elementor-element-e1d5735 elementor-widget-divider--view-line elementor-widget elementor-widget-divider\" data-id=\"e1d5735\" data-element_type=\"widget\" data-e-type=\"widget\" data-widget_type=\"divider.default\">\n\t\t\t\t<div class=\"elementor-widget-container\">\n\t\t\t\t\t\t\t<div class=\"elementor-divider\">\n\t\t\t<span class=\"elementor-divider-separator\">\n\t\t\t\t\t\t<\/span>\n\t\t<\/div>\n\t\t\t\t\t\t<\/div>\n\t\t\t\t<\/div>\n\t\t\t\t<div class=\"elementor-element elementor-element-c91a4cc elementor-widget elementor-widget-text-editor\" data-id=\"c91a4cc\" data-element_type=\"widget\" data-e-type=\"widget\" data-widget_type=\"text-editor.default\">\n\t\t\t\t<div class=\"elementor-widget-container\">\n\t\t\t\t\t\t\t\t\tComo tiene forma l\u00edquida, la goma se aplica directamente a la superficie con un rodillo, brocha o pulverizador. Como resultado, no hay costuras ni juntas por las que pueda filtrarse el agua, como ocurre con los m\u00e9todos tradicionales, como las membranas o las capas bituminosas. Esta naturaleza sin costuras garantiza una protecci\u00f3n uniforme.\t\t\t\t\t\t\t\t<\/div>\n\t\t\t\t<\/div>\n\t\t\t\t<\/div>\n\t\t\t\t<\/div>\n\t\t<div class=\"elementor-element elementor-element-c69d176 e-con-full e-flex e-con e-child\" data-id=\"c69d176\" data-element_type=\"container\" data-e-type=\"container\">\n\t\t<div class=\"elementor-element elementor-element-015ef8a e-con-full e-flex e-con e-child\" data-id=\"015ef8a\" data-element_type=\"container\" data-e-type=\"container\" data-settings=\"{&quot;background_background&quot;:&quot;classic&quot;}\">\n\t\t\t\t<div class=\"elementor-element elementor-element-ec84145 elementor-widget elementor-widget-heading\" data-id=\"ec84145\" data-element_type=\"widget\" data-e-type=\"widget\" data-widget_type=\"heading.default\">\n\t\t\t\t<div class=\"elementor-widget-container\">\n\t\t\t\t\t<h4 class=\"elementor-heading-title elementor-size-default\">Resistente a los productos qu\u00edmicos<br> y a la radiaci\u00f3n UV<\/h4>\t\t\t\t<\/div>\n\t\t\t\t<\/div>\n\t\t\t\t<div class=\"elementor-element elementor-element-b6274cb elementor-widget-divider--view-line elementor-widget elementor-widget-divider\" data-id=\"b6274cb\" data-element_type=\"widget\" data-e-type=\"widget\" data-widget_type=\"divider.default\">\n\t\t\t\t<div class=\"elementor-widget-container\">\n\t\t\t\t\t\t\t<div class=\"elementor-divider\">\n\t\t\t<span class=\"elementor-divider-separator\">\n\t\t\t\t\t\t<\/span>\n\t\t<\/div>\n\t\t\t\t\t\t<\/div>\n\t\t\t\t<\/div>\n\t\t\t\t<div class=\"elementor-element elementor-element-800535b elementor-widget elementor-widget-text-editor\" data-id=\"800535b\" data-element_type=\"widget\" data-e-type=\"widget\" data-widget_type=\"text-editor.default\">\n\t\t\t\t<div class=\"elementor-widget-container\">\n\t\t\t\t\t\t\t\t\tMuchos productos de caucho l\u00edquido son resistentes a los productos qu\u00edmicos y a la radiaci\u00f3n UV. Esto las hace adecuadas tanto para citernes subterr\u00e1neas como sobre el suelo. Esta resistencia evita la degradaci\u00f3n del material debido a la exposici\u00f3n ambiental o a las sustancias qu\u00edmicas del agua.\t\t\t\t\t\t\t\t<\/div>\n\t\t\t\t<\/div>\n\t\t\t\t<\/div>\n\t\t<div class=\"elementor-element elementor-element-5ad29ed e-con-full e-flex e-con e-child\" data-id=\"5ad29ed\" data-element_type=\"container\" data-e-type=\"container\" data-settings=\"{&quot;background_background&quot;:&quot;classic&quot;}\">\n\t\t\t\t<div class=\"elementor-element elementor-element-61d8ad7 elementor-widget elementor-widget-heading\" data-id=\"61d8ad7\" data-element_type=\"widget\" data-e-type=\"widget\" data-widget_type=\"heading.default\">\n\t\t\t\t<div class=\"elementor-widget-container\">\n\t\t\t\t\t<h4 class=\"elementor-heading-title elementor-size-default\">Sostenible<\/h4>\t\t\t\t<\/div>\n\t\t\t\t<\/div>\n\t\t\t\t<div class=\"elementor-element elementor-element-602620b elementor-widget-divider--view-line elementor-widget elementor-widget-divider\" data-id=\"602620b\" data-element_type=\"widget\" data-e-type=\"widget\" data-widget_type=\"divider.default\">\n\t\t\t\t<div class=\"elementor-widget-container\">\n\t\t\t\t\t\t\t<div class=\"elementor-divider\">\n\t\t\t<span class=\"elementor-divider-separator\">\n\t\t\t\t\t\t<\/span>\n\t\t<\/div>\n\t\t\t\t\t\t<\/div>\n\t\t\t\t<\/div>\n\t\t\t\t<div class=\"elementor-element elementor-element-89b4e51 elementor-widget elementor-widget-text-editor\" data-id=\"89b4e51\" data-element_type=\"widget\" data-e-type=\"widget\" data-widget_type=\"text-editor.default\">\n\t\t\t\t<div class=\"elementor-widget-container\">\n\t\t\t\t\t\t\t\t\tEl caucho l\u00edquido tiene una larga vida \u00fatil. Es resistente a la intemperie, al moho y a la corrosi\u00f3n. Esto la convierte en una soluci\u00f3n fiable y de bajo mantenimiento para la impermeabilizaci\u00f3n a largo plazo de citernes.\t\t\t\t\t\t\t\t<\/div>\n\t\t\t\t<\/div>\n\t\t\t\t<\/div>\n\t\t\t\t<\/div>\n\t\t<div class=\"elementor-element elementor-element-24ddb3f e-con-full e-flex e-con e-child\" data-id=\"24ddb3f\" data-element_type=\"container\" data-e-type=\"container\">\n\t\t\t\t<div class=\"elementor-element elementor-element-52da6c1 elementor-align-center elementor-widget__width-inherit elementor-invisible elementor-widget elementor-widget-button\" data-id=\"52da6c1\" data-element_type=\"widget\" data-e-type=\"widget\" data-settings=\"{&quot;_animation&quot;:&quot;fadeInDown&quot;}\" data-widget_type=\"button.default\">\n\t\t\t\t<div class=\"elementor-widget-container\">\n\t\t\t\t\t\t\t\t\t<div class=\"elementor-button-wrapper\">\n\t\t\t\t\t<a class=\"elementor-button elementor-button-link elementor-size-sm\" href=\"https:\/\/rubecorubber.com\/contacteer-ons\/\">\n\t\t\t\t\t\t<span class=\"elementor-button-content-wrapper\">\n\t\t\t\t\t\t\t\t\t<span class=\"elementor-button-text\">Pide un presupuesto ahora<\/span>\n\t\t\t\t\t<\/span>\n\t\t\t\t\t<\/a>\n\t\t\t\t<\/div>\n\t\t\t\t\t\t\t\t<\/div>\n\t\t\t\t<\/div>\n\t\t\t\t<\/div>\n\t\t\t\t<\/div>\n\t\t","protected":false},"excerpt":{"rendered":"<p>Ventajas de la goma l\u00edquida http:\/\/rubecorubber.com\/wp-content\/uploads\/2025\/04\/WhatsApp-Video-2025-02-06-at-13.59.25-1.mp4 Respetuoso con el medio ambiente Muchos productos de caucho l\u00edquido son de base acuosa y no contienen productos qu\u00edmicos ni disolventes nocivos (COV), lo que reduce su impacto en el medio ambiente. Esto es importante para aplicaciones como los citernes que almacenan agua potable, ya que evita que entren [&hellip;]<\/p>\n","protected":false},"author":1,"featured_media":0,"parent":0,"menu_order":0,"comment_status":"closed","ping_status":"closed","template":"elementor_header_footer","meta":{"footnotes":""},"class_list":["post-953","page","type-page","status-publish","hentry"],"_links":{"self":[{"href":"https:\/\/rubecorubber.com\/es\/wp-json\/wp\/v2\/pages\/953","targetHints":{"allow":["GET"]}}],"collection":[{"href":"https:\/\/rubecorubber.com\/es\/wp-json\/wp\/v2\/pages"}],"about":[{"href":"https:\/\/rubecorubber.com\/es\/wp-json\/wp\/v2\/types\/page"}],"author":[{"embeddable":true,"href":"https:\/\/rubecorubber.com\/es\/wp-json\/wp\/v2\/users\/1"}],"replies":[{"embeddable":true,"href":"https:\/\/rubecorubber.com\/es\/wp-json\/wp\/v2\/comments?post=953"}],"version-history":[{"count":4,"href":"https:\/\/rubecorubber.com\/es\/wp-json\/wp\/v2\/pages\/953\/revisions"}],"predecessor-version":[{"id":1189,"href":"https:\/\/rubecorubber.com\/es\/wp-json\/wp\/v2\/pages\/953\/revisions\/1189"}],"wp:attachment":[{"href":"https:\/\/rubecorubber.com\/es\/wp-json\/wp\/v2\/media?parent=953"}],"curies":[{"name":"wp","href":"https:\/\/api.w.org\/{rel}","templated":true}]}}