{"id":1194,"date":"2025-04-24T12:38:22","date_gmt":"2025-04-24T12:38:22","guid":{"rendered":"https:\/\/rubecorubber.com\/aplicaciones\/uso-marino\/"},"modified":"2025-04-24T19:39:21","modified_gmt":"2025-04-24T19:39:21","slug":"uso-marino","status":"publish","type":"page","link":"https:\/\/rubecorubber.com\/es\/aplicaciones\/uso-marino\/","title":{"rendered":"Uso marino"},"content":{"rendered":"\t\t<div data-elementor-type=\"wp-page\" data-elementor-id=\"1194\" class=\"elementor elementor-1194 elementor-1071\">\n\t\t\t\t<div class=\"elementor-element elementor-element-5e98183 e-flex e-con-boxed e-con e-parent\" data-id=\"5e98183\" data-element_type=\"container\" data-e-type=\"container\" data-settings=\"{&quot;background_background&quot;:&quot;classic&quot;}\">\n\t\t\t\t\t<div class=\"e-con-inner\">\n\t\t<div class=\"elementor-element elementor-element-bf3eda9 e-con-full e-flex e-con e-child\" data-id=\"bf3eda9\" data-element_type=\"container\" data-e-type=\"container\">\n\t\t\t\t<div class=\"elementor-element elementor-element-7dcff33 elementor-invisible elementor-widget elementor-widget-heading\" data-id=\"7dcff33\" data-element_type=\"widget\" data-e-type=\"widget\" data-settings=\"{&quot;_animation&quot;:&quot;fadeIn&quot;}\" data-widget_type=\"heading.default\">\n\t\t\t\t<div class=\"elementor-widget-container\">\n\t\t\t\t\t<h1 class=\"elementor-heading-title elementor-size-default\">Uso marino<\/h1>\t\t\t\t<\/div>\n\t\t\t\t<\/div>\n\t\t\t\t<\/div>\n\t\t\t\t\t<\/div>\n\t\t\t\t<\/div>\n\t\t<div class=\"elementor-element elementor-element-73e2a89 e-flex e-con-boxed e-con e-parent\" data-id=\"73e2a89\" data-element_type=\"container\" data-e-type=\"container\">\n\t\t\t\t\t<div class=\"e-con-inner\">\n\t\t<div class=\"elementor-element elementor-element-45b18ae e-con-full e-flex e-con e-child\" data-id=\"45b18ae\" data-element_type=\"container\" data-e-type=\"container\">\n\t\t\t\t<div class=\"elementor-element elementor-element-452c3ba elementor-widget elementor-widget-heading\" data-id=\"452c3ba\" data-element_type=\"widget\" data-e-type=\"widget\" data-widget_type=\"heading.default\">\n\t\t\t\t<div class=\"elementor-widget-container\">\n\t\t\t\t\t<h4 class=\"elementor-heading-title elementor-size-default\">Sistema de revestimiento subacu\u00e1tico<\/h4>\t\t\t\t<\/div>\n\t\t\t\t<\/div>\n\t\t\t\t<div class=\"elementor-element elementor-element-38ad5ae elementor-widget elementor-widget-text-editor\" data-id=\"38ad5ae\" data-element_type=\"widget\" data-e-type=\"widget\" data-widget_type=\"text-editor.default\">\n\t\t\t\t<div class=\"elementor-widget-container\">\n\t\t\t\t\t\t\t\t\t<p>El caucho l\u00edquido para uso marino consiste en un revestimiento duro, reforzado con escamas de vidrio, que no necesita imprimaci\u00f3n ni capa de acabado.<\/p><ul><li>No se estropea, sino que se vuelve m\u00e1s suave con la limpieza subacu\u00e1tica regular.<\/li><li>Dura hasta 25 a\u00f1os sin repintar, con 10 a\u00f1os de garant\u00eda (ampliable).<\/li><li>Completamente respetuoso con el medio ambiente: sin sustancias t\u00f3xicas ni metales pesados.<\/li><\/ul>\t\t\t\t\t\t\t\t<\/div>\n\t\t\t\t<\/div>\n\t\t\t\t<div class=\"elementor-element elementor-element-47fb077 elementor-widget elementor-widget-heading\" data-id=\"47fb077\" data-element_type=\"widget\" data-e-type=\"widget\" data-widget_type=\"heading.default\">\n\t\t\t\t<div class=\"elementor-widget-container\">\n\t\t\t\t\t<h4 class=\"elementor-heading-title elementor-size-default\">Aplicaciones<\/h4>\t\t\t\t<\/div>\n\t\t\t\t<\/div>\n\t\t\t\t<div class=\"elementor-element elementor-element-aa7ae57 elementor-widget elementor-widget-text-editor\" data-id=\"aa7ae57\" data-element_type=\"widget\" data-e-type=\"widget\" data-widget_type=\"text-editor.default\">\n\t\t\t\t<div class=\"elementor-widget-container\">\n\t\t\t\t\t\t\t\t\t<h5>1. Buques rompehielos<\/h5>\n<ul>\n \t<li>Certificado como resistente al desgaste por hielo.<\/li>\n \t<li>Mantiene la integridad incluso despu\u00e9s de a\u00f1os en aguas heladas.<\/li>\n \t<li>Evita la cavitaci\u00f3n y los da\u00f1os por corrosi\u00f3n en la proa, los timones y los t\u00faneles.<\/li>\n<\/ul>\n<\/br><h5>2. Cruceros y transbordadores<\/h5>\n<ul>\n \t<li>Ahorro de combustible de hasta un 25% gracias al casco permanentemente liso.<\/li>\n \t<li>Visualmente atractivo (l\u00ednea de flotaci\u00f3n f\u00e1cil de limpiar).<\/li>\n \t<li>Menos tiempo en dique seco = menos p\u00e9rdida de tiempo de navegaci\u00f3n.<\/li>\n \t<li>Respetuoso con el medio ambiente = mejor reputaci\u00f3n.<\/li>\n<\/ul>\n<\/br><h5>3. Buques e instalaciones offshore<\/h5>\n<ul>\n \t<li>Ideal para el almacenamiento a largo plazo (10-40 a\u00f1os) en el mar.<\/li>\n \t<li>No hay penetraci\u00f3n por falta.<\/li>\n \t<li>Totalmente limpiable sin da\u00f1ar el revestimiento.<\/li>\n \t<li>Homologado seg\u00fan la norma NORSOK M-501 de alta mar.<\/li>\n<\/ul>\n<\/br><h5>4. Otros buques<\/h5>\n<ul>\n<li>Desde yates a graneleros y buques de guerra.<\/li>\n\n \t<li>Perfecto para quienes navegan en zonas mar\u00edtimas sensibles.<\/li>\n \t<li>Interesante para los que quieren minimizar las paradas en seco.<\/li>\n<\/ul>\t\t\t\t\t\t\t\t<\/div>\n\t\t\t\t<\/div>\n\t\t\t\t<div class=\"elementor-element elementor-element-0b4c6f3 elementor-widget elementor-widget-heading\" data-id=\"0b4c6f3\" data-element_type=\"widget\" data-e-type=\"widget\" data-widget_type=\"heading.default\">\n\t\t\t\t<div class=\"elementor-widget-container\">\n\t\t\t\t\t<h4 class=\"elementor-heading-title elementor-size-default\">Beneficios financieros<\/h4>\t\t\t\t<\/div>\n\t\t\t\t<\/div>\n\t\t\t\t<div class=\"elementor-element elementor-element-313460d elementor-widget elementor-widget-text-editor\" data-id=\"313460d\" data-element_type=\"widget\" data-e-type=\"widget\" data-widget_type=\"text-editor.default\">\n\t\t\t\t<div class=\"elementor-widget-container\">\n\t\t\t\t\t\t\t\t\t<ul><li>No requiere repintado \u2192 ahorro dr\u00e1stico en costes de varada y material.<\/li><li>Consumo de combustible reducido gracias a la superficie permanentemente lisa.<\/li><li>Menor coste total de propiedad que los sistemas antiincrustantes o antifouling convencionales.<\/li><\/ul>\t\t\t\t\t\t\t\t<\/div>\n\t\t\t\t<\/div>\n\t\t\t\t<div class=\"elementor-element elementor-element-442b0a9 elementor-widget elementor-widget-heading\" data-id=\"442b0a9\" data-element_type=\"widget\" data-e-type=\"widget\" data-widget_type=\"heading.default\">\n\t\t\t\t<div class=\"elementor-widget-container\">\n\t\t\t\t\t<h4 class=\"elementor-heading-title elementor-size-default\">Elecci\u00f3n medioambiental<\/h4>\t\t\t\t<\/div>\n\t\t\t\t<\/div>\n\t\t\t\t<div class=\"elementor-element elementor-element-cf4a72f elementor-widget elementor-widget-text-editor\" data-id=\"cf4a72f\" data-element_type=\"widget\" data-e-type=\"widget\" data-widget_type=\"text-editor.default\">\n\t\t\t\t<div class=\"elementor-widget-container\">\n\t\t\t\t\t\t\t\t\t<ul>\n<li>\nSin cobre, zinc, esta\u00f1o ni biocidas.\n<\/li>\n<li>\nSin COV nocivos.\n<\/li>\n<li>\nSin impacto negativo en la vida marina.\n<\/li>\n<li>\nEvita la propagaci\u00f3n de especies invasoras.<\/li>\n<\/ul>\t\t\t\t\t\t\t\t<\/div>\n\t\t\t\t<\/div>\n\t\t\t\t<\/div>\n\t\t\t\t<div class=\"elementor-element elementor-element-72789be elementor-align-center elementor-widget__width-inherit elementor-invisible elementor-widget elementor-widget-button\" data-id=\"72789be\" data-element_type=\"widget\" data-e-type=\"widget\" data-settings=\"{&quot;_animation&quot;:&quot;fadeInDown&quot;}\" data-widget_type=\"button.default\">\n\t\t\t\t<div class=\"elementor-widget-container\">\n\t\t\t\t\t\t\t\t\t<div class=\"elementor-button-wrapper\">\n\t\t\t\t\t<a class=\"elementor-button elementor-button-link elementor-size-sm\" href=\"https:\/\/rubecorubber.com\/es\/contacta-con-nosotros\/\">\n\t\t\t\t\t\t<span class=\"elementor-button-content-wrapper\">\n\t\t\t\t\t\t\t\t\t<span class=\"elementor-button-text\">Pide un presupuesto<\/span>\n\t\t\t\t\t<\/span>\n\t\t\t\t\t<\/a>\n\t\t\t\t<\/div>\n\t\t\t\t\t\t\t\t<\/div>\n\t\t\t\t<\/div>\n\t\t\t\t\t<\/div>\n\t\t\t\t<\/div>\n\t\t\t\t<\/div>\n\t\t","protected":false},"excerpt":{"rendered":"<p>Uso marino Sistema de revestimiento subacu\u00e1tico El caucho l\u00edquido para uso marino consiste en un revestimiento duro, reforzado con escamas de vidrio, que no necesita imprimaci\u00f3n ni capa de acabado. No se estropea, sino que se vuelve m\u00e1s suave con la limpieza subacu\u00e1tica regular. Dura hasta 25 a\u00f1os sin repintar, con 10 a\u00f1os de garant\u00eda [&hellip;]<\/p>\n","protected":false},"author":1,"featured_media":0,"parent":965,"menu_order":0,"comment_status":"closed","ping_status":"closed","template":"","meta":{"footnotes":""},"class_list":["post-1194","page","type-page","status-publish","hentry"],"_links":{"self":[{"href":"https:\/\/rubecorubber.com\/es\/wp-json\/wp\/v2\/pages\/1194","targetHints":{"allow":["GET"]}}],"collection":[{"href":"https:\/\/rubecorubber.com\/es\/wp-json\/wp\/v2\/pages"}],"about":[{"href":"https:\/\/rubecorubber.com\/es\/wp-json\/wp\/v2\/types\/page"}],"author":[{"embeddable":true,"href":"https:\/\/rubecorubber.com\/es\/wp-json\/wp\/v2\/users\/1"}],"replies":[{"embeddable":true,"href":"https:\/\/rubecorubber.com\/es\/wp-json\/wp\/v2\/comments?post=1194"}],"version-history":[{"count":1,"href":"https:\/\/rubecorubber.com\/es\/wp-json\/wp\/v2\/pages\/1194\/revisions"}],"predecessor-version":[{"id":1195,"href":"https:\/\/rubecorubber.com\/es\/wp-json\/wp\/v2\/pages\/1194\/revisions\/1195"}],"up":[{"embeddable":true,"href":"https:\/\/rubecorubber.com\/es\/wp-json\/wp\/v2\/pages\/965"}],"wp:attachment":[{"href":"https:\/\/rubecorubber.com\/es\/wp-json\/wp\/v2\/media?parent=1194"}],"curies":[{"name":"wp","href":"https:\/\/api.w.org\/{rel}","templated":true}]}}