{"id":1192,"date":"2025-04-24T12:30:17","date_gmt":"2025-04-24T12:30:17","guid":{"rendered":"https:\/\/rubecorubber.com\/aplicaciones\/caocho-luminosa\/"},"modified":"2025-04-24T19:38:42","modified_gmt":"2025-04-24T19:38:42","slug":"caocho-luminosa","status":"publish","type":"page","link":"https:\/\/rubecorubber.com\/es\/aplicaciones\/caocho-luminosa\/","title":{"rendered":"Caocho luminosa"},"content":{"rendered":"\t\t<div data-elementor-type=\"wp-page\" data-elementor-id=\"1192\" class=\"elementor elementor-1192 elementor-1068\">\n\t\t\t\t<div class=\"elementor-element elementor-element-44662a4 e-flex e-con-boxed e-con e-parent\" data-id=\"44662a4\" data-element_type=\"container\" data-e-type=\"container\" data-settings=\"{&quot;background_background&quot;:&quot;classic&quot;}\">\n\t\t\t\t\t<div class=\"e-con-inner\">\n\t\t<div class=\"elementor-element elementor-element-109e667 e-con-full e-flex e-con e-child\" data-id=\"109e667\" data-element_type=\"container\" data-e-type=\"container\">\n\t\t\t\t<div class=\"elementor-element elementor-element-10d8448 elementor-invisible elementor-widget elementor-widget-heading\" data-id=\"10d8448\" data-element_type=\"widget\" data-e-type=\"widget\" data-settings=\"{&quot;_animation&quot;:&quot;fadeIn&quot;}\" data-widget_type=\"heading.default\">\n\t\t\t\t<div class=\"elementor-widget-container\">\n\t\t\t\t\t<h1 class=\"elementor-heading-title elementor-size-default\">Caucho luminosa<\/h1>\t\t\t\t<\/div>\n\t\t\t\t<\/div>\n\t\t\t\t<\/div>\n\t\t\t\t\t<\/div>\n\t\t\t\t<\/div>\n\t\t<div class=\"elementor-element elementor-element-62e5ac8 e-flex e-con-boxed e-con e-parent\" data-id=\"62e5ac8\" data-element_type=\"container\" data-e-type=\"container\">\n\t\t\t\t\t<div class=\"e-con-inner\">\n\t\t<div class=\"elementor-element elementor-element-17b68c8 e-con-full e-flex e-con e-child\" data-id=\"17b68c8\" data-element_type=\"container\" data-e-type=\"container\">\n\t\t\t\t<div class=\"elementor-element elementor-element-3b92129 elementor-widget-tablet__width-initial elementor-widget-mobile__width-inherit elementor-widget__width-initial elementor-position-top elementor-widget elementor-widget-image-box\" data-id=\"3b92129\" data-element_type=\"widget\" data-e-type=\"widget\" data-widget_type=\"image-box.default\">\n\t\t\t\t<div class=\"elementor-widget-container\">\n\t\t\t\t\t<div class=\"elementor-image-box-wrapper\"><figure class=\"elementor-image-box-img\"><img fetchpriority=\"high\" decoding=\"async\" width=\"900\" height=\"600\" src=\"https:\/\/rubecorubber.com\/wp-content\/uploads\/2025\/04\/page9-1051-full-e1745502518740.jpg\" class=\"elementor-animation-grow attachment-full size-full wp-image-1081\" alt=\"\" srcset=\"https:\/\/rubecorubber.com\/wp-content\/uploads\/2025\/04\/page9-1051-full-e1745502518740.jpg 900w, https:\/\/rubecorubber.com\/wp-content\/uploads\/2025\/04\/page9-1051-full-e1745502518740-300x200.jpg 300w, https:\/\/rubecorubber.com\/wp-content\/uploads\/2025\/04\/page9-1051-full-e1745502518740-768x512.jpg 768w\" sizes=\"(max-width: 900px) 100vw, 900px\" \/><\/figure><div class=\"elementor-image-box-content\"><h4 class=\"elementor-image-box-title\">Luminoso en la oscuridad<\/h4><p class=\"elementor-image-box-description\">Suministramos productos fotoluminiscentes (afterglow \/ brillan en la oscuridad) a partir de 200 mcd. hasta 1500 mcd. haciendo que nuestros productos sean perceptibles durante toda la noche.<\/p><\/div><\/div>\t\t\t\t<\/div>\n\t\t\t\t<\/div>\n\t\t\t\t<div class=\"elementor-element elementor-element-ed24958 elementor-widget-tablet__width-initial elementor-widget-mobile__width-inherit elementor-widget__width-initial elementor-position-top elementor-widget elementor-widget-image-box\" data-id=\"ed24958\" data-element_type=\"widget\" data-e-type=\"widget\" data-widget_type=\"image-box.default\">\n\t\t\t\t<div class=\"elementor-widget-container\">\n\t\t\t\t\t<div class=\"elementor-image-box-wrapper\"><figure class=\"elementor-image-box-img\"><img decoding=\"async\" width=\"900\" height=\"600\" src=\"https:\/\/rubecorubber.com\/wp-content\/uploads\/2025\/04\/page9-1006-full-e1745502533279.jpg\" class=\"elementor-animation-grow attachment-full size-full wp-image-1085\" alt=\"\" srcset=\"https:\/\/rubecorubber.com\/wp-content\/uploads\/2025\/04\/page9-1006-full-e1745502533279.jpg 900w, https:\/\/rubecorubber.com\/wp-content\/uploads\/2025\/04\/page9-1006-full-e1745502533279-300x200.jpg 300w, https:\/\/rubecorubber.com\/wp-content\/uploads\/2025\/04\/page9-1006-full-e1745502533279-768x512.jpg 768w\" sizes=\"(max-width: 900px) 100vw, 900px\" \/><\/figure><div class=\"elementor-image-box-content\"><h4 class=\"elementor-image-box-title\">Aplicaciones<\/h4><p class=\"elementor-image-box-description\">La goma luminosa es perfecta para se\u00f1alizar v\u00edas de evacuaci\u00f3n, hacer visibles obst\u00e1culos o interruptores de luz, se\u00f1alizaci\u00f3n, pictogramas y letras o logotipos (tambi\u00e9n sobre textiles).  <\/p><\/div><\/div>\t\t\t\t<\/div>\n\t\t\t\t<\/div>\n\t\t\t\t<\/div>\n\t\t<div class=\"elementor-element elementor-element-997fb49 e-con-full e-flex e-con e-child\" data-id=\"997fb49\" data-element_type=\"container\" data-e-type=\"container\">\n\t\t\t\t<div class=\"elementor-element elementor-element-ce866d7 elementor-widget-tablet__width-initial elementor-widget-mobile__width-inherit elementor-widget__width-initial elementor-position-top elementor-widget elementor-widget-image-box\" data-id=\"ce866d7\" data-element_type=\"widget\" data-e-type=\"widget\" data-widget_type=\"image-box.default\">\n\t\t\t\t<div class=\"elementor-widget-container\">\n\t\t\t\t\t<div class=\"elementor-image-box-wrapper\"><figure class=\"elementor-image-box-img\"><img decoding=\"async\" width=\"900\" height=\"601\" src=\"https:\/\/rubecorubber.com\/wp-content\/uploads\/2025\/04\/page9-1043-full-e1745502583902.jpg\" class=\"elementor-animation-grow attachment-full size-full wp-image-1089\" alt=\"\" srcset=\"https:\/\/rubecorubber.com\/wp-content\/uploads\/2025\/04\/page9-1043-full-e1745502583902.jpg 900w, https:\/\/rubecorubber.com\/wp-content\/uploads\/2025\/04\/page9-1043-full-e1745502583902-300x200.jpg 300w, https:\/\/rubecorubber.com\/wp-content\/uploads\/2025\/04\/page9-1043-full-e1745502583902-768x513.jpg 768w\" sizes=\"(max-width: 900px) 100vw, 900px\" \/><\/figure><div class=\"elementor-image-box-content\"><h4 class=\"elementor-image-box-title\">fotoluminiscencia<\/h4><p class=\"elementor-image-box-description\">Los productos fotoluminiscentes (afterglow) absorben la luz diurna y\/o artificial y se vuelven afterglow cuando se oscurece el entorno. En caso de apag\u00f3n repentino, el material es inmediatamente muy perceptible incluso a distancia. Esto ayuda a la gente a orientarse y evacuar con eficacia.<\/p><\/div><\/div>\t\t\t\t<\/div>\n\t\t\t\t<\/div>\n\t\t\t\t<div class=\"elementor-element elementor-element-7dea585 elementor-widget-tablet__width-initial elementor-widget-mobile__width-inherit elementor-widget__width-initial elementor-position-top elementor-widget elementor-widget-image-box\" data-id=\"7dea585\" data-element_type=\"widget\" data-e-type=\"widget\" data-widget_type=\"image-box.default\">\n\t\t\t\t<div class=\"elementor-widget-container\">\n\t\t\t\t\t<div class=\"elementor-image-box-wrapper\"><figure class=\"elementor-image-box-img\"><img loading=\"lazy\" decoding=\"async\" width=\"675\" height=\"450\" src=\"https:\/\/rubecorubber.com\/wp-content\/uploads\/2025\/04\/page9-1113-full-e1745502649622.jpg\" class=\"elementor-animation-grow attachment-full size-full wp-image-1093\" alt=\"\" srcset=\"https:\/\/rubecorubber.com\/wp-content\/uploads\/2025\/04\/page9-1113-full-e1745502649622.jpg 675w, https:\/\/rubecorubber.com\/wp-content\/uploads\/2025\/04\/page9-1113-full-e1745502649622-300x200.jpg 300w\" sizes=\"(max-width: 675px) 100vw, 675px\" \/><\/figure><div class=\"elementor-image-box-content\"><h4 class=\"elementor-image-box-title\">100% fiable<\/h4><p class=\"elementor-image-box-description\">El caucho luminoso ahorra costes de energ\u00eda, los productos fotoluminiscentes no dependen de la corriente, las pilas o los acumuladores. No requiere mantenimiento, la goma no es t\u00f3xica ni radiactiva. Al cambiar una v\u00eda de escape, es f\u00e1cil volver a ajustarla.<\/p><\/div><\/div>\t\t\t\t<\/div>\n\t\t\t\t<\/div>\n\t\t\t\t<\/div>\n\t\t\t\t<div class=\"elementor-element elementor-element-613d19a elementor-align-center elementor-widget__width-inherit elementor-invisible elementor-widget elementor-widget-button\" data-id=\"613d19a\" data-element_type=\"widget\" data-e-type=\"widget\" data-settings=\"{&quot;_animation&quot;:&quot;fadeInDown&quot;}\" data-widget_type=\"button.default\">\n\t\t\t\t<div class=\"elementor-widget-container\">\n\t\t\t\t\t\t\t\t\t<div class=\"elementor-button-wrapper\">\n\t\t\t\t\t<a class=\"elementor-button elementor-button-link elementor-size-sm\" href=\"https:\/\/rubecorubber.com\/es\/contacta-con-nosotros\/\">\n\t\t\t\t\t\t<span class=\"elementor-button-content-wrapper\">\n\t\t\t\t\t\t\t\t\t<span class=\"elementor-button-text\">Pide un presupuesto<\/span>\n\t\t\t\t\t<\/span>\n\t\t\t\t\t<\/a>\n\t\t\t\t<\/div>\n\t\t\t\t\t\t\t\t<\/div>\n\t\t\t\t<\/div>\n\t\t\t\t\t<\/div>\n\t\t\t\t<\/div>\n\t\t<div class=\"elementor-element elementor-element-b6c7c2a e-flex e-con-boxed e-con e-parent\" data-id=\"b6c7c2a\" data-element_type=\"container\" data-e-type=\"container\">\n\t\t\t\t\t<div class=\"e-con-inner\">\n\t\t\t\t\t<\/div>\n\t\t\t\t<\/div>\n\t\t\t\t<\/div>\n\t\t","protected":false},"excerpt":{"rendered":"<p>Caucho luminosa Luminoso en la oscuridad Suministramos productos fotoluminiscentes (afterglow \/ brillan en la oscuridad) a partir de 200 mcd. hasta 1500 mcd. haciendo que nuestros productos sean perceptibles durante toda la noche. Aplicaciones La goma luminosa es perfecta para se\u00f1alizar v\u00edas de evacuaci\u00f3n, hacer visibles obst\u00e1culos o interruptores de luz, se\u00f1alizaci\u00f3n, pictogramas y letras [&hellip;]<\/p>\n","protected":false},"author":1,"featured_media":0,"parent":965,"menu_order":0,"comment_status":"closed","ping_status":"closed","template":"","meta":{"footnotes":""},"class_list":["post-1192","page","type-page","status-publish","hentry"],"_links":{"self":[{"href":"https:\/\/rubecorubber.com\/es\/wp-json\/wp\/v2\/pages\/1192","targetHints":{"allow":["GET"]}}],"collection":[{"href":"https:\/\/rubecorubber.com\/es\/wp-json\/wp\/v2\/pages"}],"about":[{"href":"https:\/\/rubecorubber.com\/es\/wp-json\/wp\/v2\/types\/page"}],"author":[{"embeddable":true,"href":"https:\/\/rubecorubber.com\/es\/wp-json\/wp\/v2\/users\/1"}],"replies":[{"embeddable":true,"href":"https:\/\/rubecorubber.com\/es\/wp-json\/wp\/v2\/comments?post=1192"}],"version-history":[{"count":1,"href":"https:\/\/rubecorubber.com\/es\/wp-json\/wp\/v2\/pages\/1192\/revisions"}],"predecessor-version":[{"id":1193,"href":"https:\/\/rubecorubber.com\/es\/wp-json\/wp\/v2\/pages\/1192\/revisions\/1193"}],"up":[{"embeddable":true,"href":"https:\/\/rubecorubber.com\/es\/wp-json\/wp\/v2\/pages\/965"}],"wp:attachment":[{"href":"https:\/\/rubecorubber.com\/es\/wp-json\/wp\/v2\/media?parent=1192"}],"curies":[{"name":"wp","href":"https:\/\/api.w.org\/{rel}","templated":true}]}}